{"id":5454,"date":"2024-02-20T19:15:46","date_gmt":"2024-02-20T18:15:46","guid":{"rendered":"https:\/\/pop-co.fr\/index.php\/product\/cadre-one-piece-luffy-a-wano-artwork\/"},"modified":"2025-06-28T14:02:09","modified_gmt":"2025-06-28T12:02:09","slug":"cadre-one-piece-luffy-a-wano-artwork","status":"publish","type":"product","link":"https:\/\/pop-co.fr\/index.php\/product\/cadre-one-piece-luffy-a-wano-artwork\/","title":{"rendered":"CADRE &#8211; ONE PIECE &#8211; Luffy \u00e0 Wano Artwork"},"content":{"rendered":"<p>L&rsquo;infiltration est parfaite ! Luffy habill\u00e9 en samoura\u00ef avec son katana et son kimono traditionnel, s&rsquo;int\u00e8gre parfaitement au pays de Wano sur ce magnifique tirage encadr\u00e9 One Piece par GBEye ! <\/p>\n<p>&#8211; Tirage sur papier photographique<br \/>\n&#8211; Dimensions : 30,5 x 40,6 cm<br \/>\n&#8211; Epaisseur du cadre : 25 mm<br \/>\n&#8211; Vitre en styr\u00e8ne tr\u00e8s solide<br \/>\n&#8211; Packaging : film plastique avec plastique de protection sur les coins<\/p>\n","protected":false},"excerpt":{"rendered":"<p>L&rsquo;infiltration est parfaite ! Luffy habill\u00e9 en samoura\u00ef avec son katana et son kimono traditionnel, s&rsquo;int\u00e8gre parfaitement au pays de Wano sur ce magnifique tirage encadr\u00e9 One Piece par GBEye ! &#8211; Tirage sur papier photographique &#8211; Dimensions : 30,5 x 40,6 cm &#8211; Epaisseur du cadre : 25 mm &#8211; Vitre en styr\u00e8ne tr\u00e8s [&hellip;]<\/p>\n","protected":false},"featured_media":248119,"comment_status":"open","ping_status":"closed","template":"","meta":[],"product_cat":[76],"product_tag":[],"aioseo_notices":[],"jetpack_sharing_enabled":true,"_links":{"self":[{"href":"https:\/\/pop-co.fr\/index.php\/wp-json\/wp\/v2\/product\/5454"}],"collection":[{"href":"https:\/\/pop-co.fr\/index.php\/wp-json\/wp\/v2\/product"}],"about":[{"href":"https:\/\/pop-co.fr\/index.php\/wp-json\/wp\/v2\/types\/product"}],"replies":[{"embeddable":true,"href":"https:\/\/pop-co.fr\/index.php\/wp-json\/wp\/v2\/comments?post=5454"}],"version-history":[{"count":0,"href":"https:\/\/pop-co.fr\/index.php\/wp-json\/wp\/v2\/product\/5454\/revisions"}],"wp:featuredmedia":[{"embeddable":true,"href":"https:\/\/pop-co.fr\/index.php\/wp-json\/wp\/v2\/media\/248119"}],"wp:attachment":[{"href":"https:\/\/pop-co.fr\/index.php\/wp-json\/wp\/v2\/media?parent=5454"}],"wp:term":[{"taxonomy":"product_cat","embeddable":true,"href":"https:\/\/pop-co.fr\/index.php\/wp-json\/wp\/v2\/product_cat?post=5454"},{"taxonomy":"product_tag","embeddable":true,"href":"https:\/\/pop-co.fr\/index.php\/wp-json\/wp\/v2\/product_tag?post=5454"}],"curies":[{"name":"wp","href":"https:\/\/api.w.org\/{rel}","templated":true}]}}