{"id":5502,"date":"2024-02-20T19:16:31","date_gmt":"2024-02-20T18:16:31","guid":{"rendered":"https:\/\/pop-co.fr\/index.php\/product\/buste-disney-jasmine-aladdin\/"},"modified":"2025-07-29T11:08:35","modified_gmt":"2025-07-29T09:08:35","slug":"buste-disney-jasmine-aladdin","status":"publish","type":"product","link":"https:\/\/pop-co.fr\/index.php\/product\/buste-disney-jasmine-aladdin\/","title":{"rendered":"BUSTE &#8211; DISNEY &#8211; Jasmine (Aladdin)"},"content":{"rendered":"<p>Beast Kingdom, \u00ab\u00a0The Entertainment Experience Brand\u00a0\u00bb, est fier de pr\u00e9senter la derni\u00e8re s\u00e9rie de portraits en pl\u00e2tre \u00ab\u00a0BUST\u00a0\u00bb portant sur une s\u00e9lection de personnages classiques des princesses de Disney. Les quatre princesses pr\u00e9sent\u00e9es illustrent la d\u00e9licatesse, l&rsquo;intemporalit\u00e9 et le charme de certains des personnages anim\u00e9s les plus aim\u00e9s de l&rsquo;histoire. Chaque buste comprend une base sur laquelle est grav\u00e9 un embl\u00e8me sp\u00e9cial repr\u00e9sentant un th\u00e8me de leurs films respectifs ! Ariel, la princesse sir\u00e8ne, est vue avec son coquillage. Belle, de La Belle et la B\u00eate, a sa rose rouge. Jasmine, du film Aladdin, a une lampe magique, et Raiponce, de Tangled, est vue avec le fameux cadran solaire guid\u00e9.<\/p>\n<p>Une collection tr\u00e8s sp\u00e9ciale de statues de princesses Disney \u00e0 ne pas manquer. Choisissez votre favorite, ou mieux encore, collectionnez-les toutes.<\/p>\n<p>Buste en PVC dimensions env. 15 cm, sous licence officielle.<\/p>\n","protected":false},"excerpt":{"rendered":"<p>Beast Kingdom, \u00ab\u00a0The Entertainment Experience Brand\u00a0\u00bb, est fier de pr\u00e9senter la derni\u00e8re s\u00e9rie de portraits en pl\u00e2tre \u00ab\u00a0BUST\u00a0\u00bb portant sur une s\u00e9lection de personnages classiques des princesses de Disney. Les quatre princesses pr\u00e9sent\u00e9es illustrent la d\u00e9licatesse, l&rsquo;intemporalit\u00e9 et le charme de certains des personnages anim\u00e9s les plus aim\u00e9s de l&rsquo;histoire. Chaque buste comprend une base [&hellip;]<\/p>\n","protected":false},"featured_media":355994,"comment_status":"open","ping_status":"closed","template":"","meta":[],"product_cat":[29],"product_tag":[],"aioseo_notices":[],"jetpack_sharing_enabled":true,"_links":{"self":[{"href":"https:\/\/pop-co.fr\/index.php\/wp-json\/wp\/v2\/product\/5502"}],"collection":[{"href":"https:\/\/pop-co.fr\/index.php\/wp-json\/wp\/v2\/product"}],"about":[{"href":"https:\/\/pop-co.fr\/index.php\/wp-json\/wp\/v2\/types\/product"}],"replies":[{"embeddable":true,"href":"https:\/\/pop-co.fr\/index.php\/wp-json\/wp\/v2\/comments?post=5502"}],"version-history":[{"count":0,"href":"https:\/\/pop-co.fr\/index.php\/wp-json\/wp\/v2\/product\/5502\/revisions"}],"wp:featuredmedia":[{"embeddable":true,"href":"https:\/\/pop-co.fr\/index.php\/wp-json\/wp\/v2\/media\/355994"}],"wp:attachment":[{"href":"https:\/\/pop-co.fr\/index.php\/wp-json\/wp\/v2\/media?parent=5502"}],"wp:term":[{"taxonomy":"product_cat","embeddable":true,"href":"https:\/\/pop-co.fr\/index.php\/wp-json\/wp\/v2\/product_cat?post=5502"},{"taxonomy":"product_tag","embeddable":true,"href":"https:\/\/pop-co.fr\/index.php\/wp-json\/wp\/v2\/product_tag?post=5502"}],"curies":[{"name":"wp","href":"https:\/\/api.w.org\/{rel}","templated":true}]}}