{"id":5566,"date":"2024-02-20T19:20:35","date_gmt":"2024-02-20T18:20:35","guid":{"rendered":"https:\/\/pop-co.fr\/index.php\/product\/bain-moussant-nbx-jack-skellington\/"},"modified":"2025-06-28T14:06:35","modified_gmt":"2025-06-28T12:06:35","slug":"bain-moussant-nbx-jack-skellington","status":"publish","type":"product","link":"https:\/\/pop-co.fr\/index.php\/product\/bain-moussant-nbx-jack-skellington\/","title":{"rendered":"BAIN MOUSSANT &#8211; NBX &#8211; Jack Skellington"},"content":{"rendered":"<p>Si vous avez eu une journ\u00e9e ou une nuit \u00e9pouvantable, ce bain moussant moul\u00e9 inspir\u00e9 de Jack mettra un sourire sur votre visage et vous laissera de l&rsquo;espace pour vous r\u00e9initialiser tout en profitant des bulles florales aromatiques du bain.<br \/>\nDimensions<br \/>\n5.00 x 9.40<br \/>\nPoids net<br \/>\n0,21<br \/>\nDDM<br \/>\nAqua (eau), sulfate de laureth de sodium, chlorure de sodium, cocamidopropyl b\u00e9ta\u00efne, benzoate de sodium, parfum (parfum), ph\u00e9noxy\u00e9thanol, dist\u00e9arate de PEG-150, cocoate de glyc\u00e9ryle PEG-7, acide citrique, EDTA disodique, \u00e9thylhexylglyc\u00e9rine, hexyl cinnamal, CI 42090 ( FD&#038;C Bleu 1), CI 17200(D&#038;C Rouge 33).<br \/>\nListe des ingr\u00e9dients<br \/>\nAqua (eau), sulfate de laureth de sodium, chlorure de sodium, cocamidopropyl b\u00e9ta\u00efne, benzoate de sodium, parfum (parfum), ph\u00e9noxy\u00e9thanol, dist\u00e9arate de PEG-150, cocoate de glyc\u00e9ryle PEG-7, acide citrique, EDTA disodique, \u00e9thylhexylglyc\u00e9rine, hexyl cinnamal, CI 42090 ( FD&#038;C Bleu 1), CI 17200(D&#038;C Rouge 33).<\/p>\n","protected":false},"excerpt":{"rendered":"<p>Si vous avez eu une journ\u00e9e ou une nuit \u00e9pouvantable, ce bain moussant moul\u00e9 inspir\u00e9 de Jack mettra un sourire sur votre visage et vous laissera de l&rsquo;espace pour vous r\u00e9initialiser tout en profitant des bulles florales aromatiques du bain. Dimensions 5.00 x 9.40 Poids net 0,21 DDM Aqua (eau), sulfate de laureth de sodium, [&hellip;]<\/p>\n","protected":false},"featured_media":224634,"comment_status":"open","ping_status":"closed","template":"","meta":[],"product_cat":[31],"product_tag":[],"aioseo_notices":[],"jetpack_sharing_enabled":true,"_links":{"self":[{"href":"https:\/\/pop-co.fr\/index.php\/wp-json\/wp\/v2\/product\/5566"}],"collection":[{"href":"https:\/\/pop-co.fr\/index.php\/wp-json\/wp\/v2\/product"}],"about":[{"href":"https:\/\/pop-co.fr\/index.php\/wp-json\/wp\/v2\/types\/product"}],"replies":[{"embeddable":true,"href":"https:\/\/pop-co.fr\/index.php\/wp-json\/wp\/v2\/comments?post=5566"}],"version-history":[{"count":0,"href":"https:\/\/pop-co.fr\/index.php\/wp-json\/wp\/v2\/product\/5566\/revisions"}],"wp:featuredmedia":[{"embeddable":true,"href":"https:\/\/pop-co.fr\/index.php\/wp-json\/wp\/v2\/media\/224634"}],"wp:attachment":[{"href":"https:\/\/pop-co.fr\/index.php\/wp-json\/wp\/v2\/media?parent=5566"}],"wp:term":[{"taxonomy":"product_cat","embeddable":true,"href":"https:\/\/pop-co.fr\/index.php\/wp-json\/wp\/v2\/product_cat?post=5566"},{"taxonomy":"product_tag","embeddable":true,"href":"https:\/\/pop-co.fr\/index.php\/wp-json\/wp\/v2\/product_tag?post=5566"}],"curies":[{"name":"wp","href":"https:\/\/api.w.org\/{rel}","templated":true}]}}