{"id":5577,"date":"2024-02-20T19:20:47","date_gmt":"2024-02-20T18:20:47","guid":{"rendered":"https:\/\/pop-co.fr\/index.php\/product\/fleur-de-douche-star-wars-stormtrooper\/"},"modified":"2025-09-09T16:21:05","modified_gmt":"2025-09-09T14:21:05","slug":"fleur-de-douche-star-wars-stormtrooper","status":"publish","type":"product","link":"https:\/\/pop-co.fr\/index.php\/product\/fleur-de-douche-star-wars-stormtrooper\/","title":{"rendered":"FLEUR DE DOUCHE &#8211; STAR WARS &#8211; Stormtrooper"},"content":{"rendered":"<p>Boostez votre exp\u00e9rience de douche avec cette bouff\u00e9e de corps inspir\u00e9e de Storm Trooper galactique. Faites mousser votre nettoyant pour le corps pr\u00e9f\u00e9r\u00e9 et sentez la force vous submerger.<\/p>\n","protected":false},"excerpt":{"rendered":"<p>Boostez votre exp\u00e9rience de douche avec cette bouff\u00e9e de corps inspir\u00e9e de Storm Trooper galactique. Faites mousser votre nettoyant pour le corps pr\u00e9f\u00e9r\u00e9 et sentez la force vous submerger.<\/p>\n","protected":false},"featured_media":358337,"comment_status":"open","ping_status":"closed","template":"","meta":[],"product_cat":[43],"product_tag":[],"aioseo_notices":[],"jetpack_sharing_enabled":true,"_links":{"self":[{"href":"https:\/\/pop-co.fr\/index.php\/wp-json\/wp\/v2\/product\/5577"}],"collection":[{"href":"https:\/\/pop-co.fr\/index.php\/wp-json\/wp\/v2\/product"}],"about":[{"href":"https:\/\/pop-co.fr\/index.php\/wp-json\/wp\/v2\/types\/product"}],"replies":[{"embeddable":true,"href":"https:\/\/pop-co.fr\/index.php\/wp-json\/wp\/v2\/comments?post=5577"}],"version-history":[{"count":0,"href":"https:\/\/pop-co.fr\/index.php\/wp-json\/wp\/v2\/product\/5577\/revisions"}],"wp:featuredmedia":[{"embeddable":true,"href":"https:\/\/pop-co.fr\/index.php\/wp-json\/wp\/v2\/media\/358337"}],"wp:attachment":[{"href":"https:\/\/pop-co.fr\/index.php\/wp-json\/wp\/v2\/media?parent=5577"}],"wp:term":[{"taxonomy":"product_cat","embeddable":true,"href":"https:\/\/pop-co.fr\/index.php\/wp-json\/wp\/v2\/product_cat?post=5577"},{"taxonomy":"product_tag","embeddable":true,"href":"https:\/\/pop-co.fr\/index.php\/wp-json\/wp\/v2\/product_tag?post=5577"}],"curies":[{"name":"wp","href":"https:\/\/api.w.org\/{rel}","templated":true}]}}