{"id":5580,"date":"2024-02-20T19:20:50","date_gmt":"2024-02-20T18:20:50","guid":{"rendered":"https:\/\/pop-co.fr\/index.php\/product\/fleur-de-douche-gremlins-gizmo\/"},"modified":"2025-07-10T16:53:42","modified_gmt":"2025-07-10T14:53:42","slug":"fleur-de-douche-gremlins-gizmo","status":"publish","type":"product","link":"https:\/\/pop-co.fr\/index.php\/product\/fleur-de-douche-gremlins-gizmo\/","title":{"rendered":"FLEUR DE DOUCHE &#8211; GREMLINS &#8211; Gizmo"},"content":{"rendered":"<p>Peut-\u00eatre l&rsquo;accessoire de douche le plus mignon que vous ayez jamais poss\u00e9d\u00e9 ! Gizmo vous aidera \u00e0 \u00eatre propre et pr\u00eat pour la journ\u00e9e avec cette houppette pour le corps.<\/p>\n","protected":false},"excerpt":{"rendered":"<p>Peut-\u00eatre l&rsquo;accessoire de douche le plus mignon que vous ayez jamais poss\u00e9d\u00e9 ! Gizmo vous aidera \u00e0 \u00eatre propre et pr\u00eat pour la journ\u00e9e avec cette houppette pour le corps.<\/p>\n","protected":false},"featured_media":354233,"comment_status":"open","ping_status":"closed","template":"","meta":[],"product_cat":[65,39],"product_tag":[],"aioseo_notices":[],"jetpack_sharing_enabled":true,"_links":{"self":[{"href":"https:\/\/pop-co.fr\/index.php\/wp-json\/wp\/v2\/product\/5580"}],"collection":[{"href":"https:\/\/pop-co.fr\/index.php\/wp-json\/wp\/v2\/product"}],"about":[{"href":"https:\/\/pop-co.fr\/index.php\/wp-json\/wp\/v2\/types\/product"}],"replies":[{"embeddable":true,"href":"https:\/\/pop-co.fr\/index.php\/wp-json\/wp\/v2\/comments?post=5580"}],"version-history":[{"count":0,"href":"https:\/\/pop-co.fr\/index.php\/wp-json\/wp\/v2\/product\/5580\/revisions"}],"wp:featuredmedia":[{"embeddable":true,"href":"https:\/\/pop-co.fr\/index.php\/wp-json\/wp\/v2\/media\/354233"}],"wp:attachment":[{"href":"https:\/\/pop-co.fr\/index.php\/wp-json\/wp\/v2\/media?parent=5580"}],"wp:term":[{"taxonomy":"product_cat","embeddable":true,"href":"https:\/\/pop-co.fr\/index.php\/wp-json\/wp\/v2\/product_cat?post=5580"},{"taxonomy":"product_tag","embeddable":true,"href":"https:\/\/pop-co.fr\/index.php\/wp-json\/wp\/v2\/product_tag?post=5580"}],"curies":[{"name":"wp","href":"https:\/\/api.w.org\/{rel}","templated":true}]}}