{"id":5587,"date":"2024-02-20T19:20:58","date_gmt":"2024-02-20T18:20:58","guid":{"rendered":"https:\/\/pop-co.fr\/index.php\/product\/bombe-de-bain-disney-marie-les-aristochats\/"},"modified":"2025-07-29T11:08:10","modified_gmt":"2025-07-29T09:08:10","slug":"bombe-de-bain-disney-marie-les-aristochats","status":"publish","type":"product","link":"https:\/\/pop-co.fr\/index.php\/product\/bombe-de-bain-disney-marie-les-aristochats\/","title":{"rendered":"BOMBE DE BAIN &#8211; DISNEY &#8211; Marie (Les aristochats)"},"content":{"rendered":"<p>Paws et r\u00e9initialisez avec ce p\u00e9tillant de bain parfum\u00e9 \u00e0 la fraise. Moul\u00e9 \u00e0 la forme du visage de Marie, ce p\u00e9tillant personnage mignon vous fera ronronner en un rien de temps.<\/p>\n","protected":false},"excerpt":{"rendered":"<p>Paws et r\u00e9initialisez avec ce p\u00e9tillant de bain parfum\u00e9 \u00e0 la fraise. Moul\u00e9 \u00e0 la forme du visage de Marie, ce p\u00e9tillant personnage mignon vous fera ronronner en un rien de temps.<\/p>\n","protected":false},"featured_media":355980,"comment_status":"open","ping_status":"closed","template":"","meta":[],"product_cat":[29],"product_tag":[],"aioseo_notices":[],"jetpack_sharing_enabled":true,"_links":{"self":[{"href":"https:\/\/pop-co.fr\/index.php\/wp-json\/wp\/v2\/product\/5587"}],"collection":[{"href":"https:\/\/pop-co.fr\/index.php\/wp-json\/wp\/v2\/product"}],"about":[{"href":"https:\/\/pop-co.fr\/index.php\/wp-json\/wp\/v2\/types\/product"}],"replies":[{"embeddable":true,"href":"https:\/\/pop-co.fr\/index.php\/wp-json\/wp\/v2\/comments?post=5587"}],"version-history":[{"count":0,"href":"https:\/\/pop-co.fr\/index.php\/wp-json\/wp\/v2\/product\/5587\/revisions"}],"wp:featuredmedia":[{"embeddable":true,"href":"https:\/\/pop-co.fr\/index.php\/wp-json\/wp\/v2\/media\/355980"}],"wp:attachment":[{"href":"https:\/\/pop-co.fr\/index.php\/wp-json\/wp\/v2\/media?parent=5587"}],"wp:term":[{"taxonomy":"product_cat","embeddable":true,"href":"https:\/\/pop-co.fr\/index.php\/wp-json\/wp\/v2\/product_cat?post=5587"},{"taxonomy":"product_tag","embeddable":true,"href":"https:\/\/pop-co.fr\/index.php\/wp-json\/wp\/v2\/product_tag?post=5587"}],"curies":[{"name":"wp","href":"https:\/\/api.w.org\/{rel}","templated":true}]}}