{"id":55942,"date":"2024-03-23T10:38:02","date_gmt":"2024-03-23T09:38:02","guid":{"rendered":"https:\/\/pop-co.fr\/index.php\/product\/sac-a-dos-loungefly-disney-stitch-story-time-duckies\/"},"modified":"2025-06-28T12:53:54","modified_gmt":"2025-06-28T10:53:54","slug":"sac-a-dos-loungefly-disney-stitch-story-time-duckies","status":"publish","type":"product","link":"https:\/\/pop-co.fr\/index.php\/product\/sac-a-dos-loungefly-disney-stitch-story-time-duckies\/","title":{"rendered":"SAC A DOS LOUNGEFLY &#8211; DISNEY &#8211; Stitch story time duckies"},"content":{"rendered":"<p>Sac \u00e0 dos haute qualit\u00e9, sous licence officielle. Mod\u00e8le fabriqu\u00e9 par LoungeFly.<\/p>\n<p>Composition du mat\u00e9riau  : Similicuir<br \/>\nInstructions d&rsquo;entretien Lavage \u00e0 la main seulement<\/p>\n","protected":false},"excerpt":{"rendered":"<p>Sac \u00e0 dos haute qualit\u00e9, sous licence officielle. Mod\u00e8le fabriqu\u00e9 par LoungeFly. Composition du mat\u00e9riau : Similicuir Instructions d&rsquo;entretien Lavage \u00e0 la main seulement<\/p>\n","protected":false},"featured_media":255861,"comment_status":"open","ping_status":"closed","template":"","meta":[],"product_cat":[47,48],"product_tag":[],"aioseo_notices":[],"jetpack_sharing_enabled":true,"_links":{"self":[{"href":"https:\/\/pop-co.fr\/index.php\/wp-json\/wp\/v2\/product\/55942"}],"collection":[{"href":"https:\/\/pop-co.fr\/index.php\/wp-json\/wp\/v2\/product"}],"about":[{"href":"https:\/\/pop-co.fr\/index.php\/wp-json\/wp\/v2\/types\/product"}],"replies":[{"embeddable":true,"href":"https:\/\/pop-co.fr\/index.php\/wp-json\/wp\/v2\/comments?post=55942"}],"version-history":[{"count":0,"href":"https:\/\/pop-co.fr\/index.php\/wp-json\/wp\/v2\/product\/55942\/revisions"}],"wp:featuredmedia":[{"embeddable":true,"href":"https:\/\/pop-co.fr\/index.php\/wp-json\/wp\/v2\/media\/255861"}],"wp:attachment":[{"href":"https:\/\/pop-co.fr\/index.php\/wp-json\/wp\/v2\/media?parent=55942"}],"wp:term":[{"taxonomy":"product_cat","embeddable":true,"href":"https:\/\/pop-co.fr\/index.php\/wp-json\/wp\/v2\/product_cat?post=55942"},{"taxonomy":"product_tag","embeddable":true,"href":"https:\/\/pop-co.fr\/index.php\/wp-json\/wp\/v2\/product_tag?post=55942"}],"curies":[{"name":"wp","href":"https:\/\/api.w.org\/{rel}","templated":true}]}}