{"id":55951,"date":"2024-03-23T10:38:18","date_gmt":"2024-03-23T09:38:18","guid":{"rendered":"https:\/\/pop-co.fr\/index.php\/product\/disney-disney-alphabet-art-figurine-10cm\/"},"modified":"2025-07-29T11:55:09","modified_gmt":"2025-07-29T09:55:09","slug":"disney-disney-alphabet-art-figurine-10cm","status":"publish","type":"product","link":"https:\/\/pop-co.fr\/index.php\/product\/disney-disney-alphabet-art-figurine-10cm\/","title":{"rendered":"DISNEY &#8211; Disney Alphabet Art &#8211; Figurine 10cm"},"content":{"rendered":"<p>Les c\u00e9l\u00e9brations de Disney 100 Years of Wonder se poursuivent avec Fun Non-Stop !<\/p>\n<p>Dans le cadre du MDS de Beast Kingdom, les fans sont emmen\u00e9s dans un nouveau voyage d\u00e9licieux, donnant vie aux personnages embl\u00e9matiques de Disney sous forme de miniatures. Apr\u00e8s le succ\u00e8s de la s\u00e9rie Pixar Art Letters, The Entertainment Experience Brand lance la collection Disney Art Letters.<\/p>\n<p>Chaque lettre de \u00a0\u00bbDISNEY\u00a0\u00bb repr\u00e9sente un personnage c\u00e9l\u00e8bre qui incarne la lettre en question. La s\u00e9rie comprend six personnages classiques : \u00a0\u00bbD\u00a0\u00bb met en sc\u00e8ne l&rsquo;\u00e9nergique Donald Duck dans sa tenue classique de marin, \u00a0\u00bbI\u00a0\u00bb l&rsquo;adorable mascotte Mickey Mouse avec ses gants blancs embl\u00e9matiques, \u00a0\u00bbS\u00a0\u00bb l&rsquo;exp\u00e9rience extraterrestre 626, Stitch, Le \u00a0\u00bb N \u00a0\u00bb met en vedette le duo d&rsquo;\u00e9cureuils pr\u00e9f\u00e9r\u00e9 de tous, Tic et Tac, le \u00a0\u00bb E \u00a0\u00bb montre Tigrou s&rsquo;envolant avec des ballons, et enfin, le \u00a0\u00bb Y \u00a0\u00bb pr\u00e9sente l&rsquo;adorable Winnie l&rsquo;Ourson en train de d\u00e9guster un d\u00e9licieux miel. Avec un design m\u00e9ticuleux, ne manquez pas de collectionner toutes les figurines et participez d\u00e8s aujourd&rsquo;hui \u00e0 cette c\u00e9l\u00e9bration unique avec Beast Kingdom et Disney !<\/p>\n<p>Composition : PVC<\/p>\n","protected":false},"excerpt":{"rendered":"<p>Les c\u00e9l\u00e9brations de Disney 100 Years of Wonder se poursuivent avec Fun Non-Stop ! Dans le cadre du MDS de Beast Kingdom, les fans sont emmen\u00e9s dans un nouveau voyage d\u00e9licieux, donnant vie aux personnages embl\u00e9matiques de Disney sous forme de miniatures. Apr\u00e8s le succ\u00e8s de la s\u00e9rie Pixar Art Letters, The Entertainment Experience Brand [&hellip;]<\/p>\n","protected":false},"featured_media":356508,"comment_status":"open","ping_status":"closed","template":"","meta":[],"product_cat":[29],"product_tag":[],"aioseo_notices":[],"jetpack_sharing_enabled":true,"_links":{"self":[{"href":"https:\/\/pop-co.fr\/index.php\/wp-json\/wp\/v2\/product\/55951"}],"collection":[{"href":"https:\/\/pop-co.fr\/index.php\/wp-json\/wp\/v2\/product"}],"about":[{"href":"https:\/\/pop-co.fr\/index.php\/wp-json\/wp\/v2\/types\/product"}],"replies":[{"embeddable":true,"href":"https:\/\/pop-co.fr\/index.php\/wp-json\/wp\/v2\/comments?post=55951"}],"version-history":[{"count":0,"href":"https:\/\/pop-co.fr\/index.php\/wp-json\/wp\/v2\/product\/55951\/revisions"}],"wp:featuredmedia":[{"embeddable":true,"href":"https:\/\/pop-co.fr\/index.php\/wp-json\/wp\/v2\/media\/356508"}],"wp:attachment":[{"href":"https:\/\/pop-co.fr\/index.php\/wp-json\/wp\/v2\/media?parent=55951"}],"wp:term":[{"taxonomy":"product_cat","embeddable":true,"href":"https:\/\/pop-co.fr\/index.php\/wp-json\/wp\/v2\/product_cat?post=55951"},{"taxonomy":"product_tag","embeddable":true,"href":"https:\/\/pop-co.fr\/index.php\/wp-json\/wp\/v2\/product_tag?post=55951"}],"curies":[{"name":"wp","href":"https:\/\/api.w.org\/{rel}","templated":true}]}}