{"id":5596,"date":"2024-02-20T19:21:08","date_gmt":"2024-02-20T18:21:08","guid":{"rendered":"https:\/\/pop-co.fr\/index.php\/product\/bouillotte-disney-winnie-lourson\/"},"modified":"2025-07-05T14:47:10","modified_gmt":"2025-07-05T12:47:10","slug":"bouillotte-disney-winnie-lourson","status":"publish","type":"product","link":"https:\/\/pop-co.fr\/index.php\/product\/bouillotte-disney-winnie-lourson\/","title":{"rendered":"BOUILLOTTE &#8211; DISNEY &#8211; Winnie l&rsquo;ourson"},"content":{"rendered":"<p>Blottissez-vous avec votre ours pr\u00e9f\u00e9r\u00e9 qui aime le miel avec cette confortable bouillotte textur\u00e9e en peluche. Brod\u00e9 du visage de Winnie l&rsquo;ourson et adorablement doux, c&rsquo;est le compagnon id\u00e9al lorsque vous avez besoin d&rsquo;un peu plus de chaleur. La housse est amovible et lavable.<\/p>\n","protected":false},"excerpt":{"rendered":"<p>Blottissez-vous avec votre ours pr\u00e9f\u00e9r\u00e9 qui aime le miel avec cette confortable bouillotte textur\u00e9e en peluche. Brod\u00e9 du visage de Winnie l&rsquo;ourson et adorablement doux, c&rsquo;est le compagnon id\u00e9al lorsque vous avez besoin d&rsquo;un peu plus de chaleur. La housse est amovible et lavable.<\/p>\n","protected":false},"featured_media":353768,"comment_status":"open","ping_status":"closed","template":"","meta":[],"product_cat":[29],"product_tag":[],"aioseo_notices":[],"jetpack_sharing_enabled":true,"_links":{"self":[{"href":"https:\/\/pop-co.fr\/index.php\/wp-json\/wp\/v2\/product\/5596"}],"collection":[{"href":"https:\/\/pop-co.fr\/index.php\/wp-json\/wp\/v2\/product"}],"about":[{"href":"https:\/\/pop-co.fr\/index.php\/wp-json\/wp\/v2\/types\/product"}],"replies":[{"embeddable":true,"href":"https:\/\/pop-co.fr\/index.php\/wp-json\/wp\/v2\/comments?post=5596"}],"version-history":[{"count":0,"href":"https:\/\/pop-co.fr\/index.php\/wp-json\/wp\/v2\/product\/5596\/revisions"}],"wp:featuredmedia":[{"embeddable":true,"href":"https:\/\/pop-co.fr\/index.php\/wp-json\/wp\/v2\/media\/353768"}],"wp:attachment":[{"href":"https:\/\/pop-co.fr\/index.php\/wp-json\/wp\/v2\/media?parent=5596"}],"wp:term":[{"taxonomy":"product_cat","embeddable":true,"href":"https:\/\/pop-co.fr\/index.php\/wp-json\/wp\/v2\/product_cat?post=5596"},{"taxonomy":"product_tag","embeddable":true,"href":"https:\/\/pop-co.fr\/index.php\/wp-json\/wp\/v2\/product_tag?post=5596"}],"curies":[{"name":"wp","href":"https:\/\/api.w.org\/{rel}","templated":true}]}}