{"id":5599,"date":"2024-02-20T19:21:11","date_gmt":"2024-02-20T18:21:11","guid":{"rendered":"https:\/\/pop-co.fr\/index.php\/product\/fleur-de-douche-disney-stitch\/"},"modified":"2025-06-28T14:06:47","modified_gmt":"2025-06-28T12:06:47","slug":"fleur-de-douche-disney-stitch","status":"publish","type":"product","link":"https:\/\/pop-co.fr\/index.php\/product\/fleur-de-douche-disney-stitch\/","title":{"rendered":"FLEUR DE DOUCHE &#8211; DISNEY &#8211; Stitch"},"content":{"rendered":"<p>Le compagnon de No\u00ebl le plus mignon pour la douche, votre propre bouff\u00e9e de douche Lilo compl\u00e8te avec des bois et un cintre en ruban. Faites mousser, redynamisez et rafra\u00eechissez-vous avec l&rsquo;aide de ce petit ami.<\/p>\n","protected":false},"excerpt":{"rendered":"<p>Le compagnon de No\u00ebl le plus mignon pour la douche, votre propre bouff\u00e9e de douche Lilo compl\u00e8te avec des bois et un cintre en ruban. Faites mousser, redynamisez et rafra\u00eechissez-vous avec l&rsquo;aide de ce petit ami.<\/p>\n","protected":false},"featured_media":150688,"comment_status":"open","ping_status":"closed","template":"","meta":[],"product_cat":[30],"product_tag":[],"aioseo_notices":[],"jetpack_sharing_enabled":true,"_links":{"self":[{"href":"https:\/\/pop-co.fr\/index.php\/wp-json\/wp\/v2\/product\/5599"}],"collection":[{"href":"https:\/\/pop-co.fr\/index.php\/wp-json\/wp\/v2\/product"}],"about":[{"href":"https:\/\/pop-co.fr\/index.php\/wp-json\/wp\/v2\/types\/product"}],"replies":[{"embeddable":true,"href":"https:\/\/pop-co.fr\/index.php\/wp-json\/wp\/v2\/comments?post=5599"}],"version-history":[{"count":0,"href":"https:\/\/pop-co.fr\/index.php\/wp-json\/wp\/v2\/product\/5599\/revisions"}],"wp:featuredmedia":[{"embeddable":true,"href":"https:\/\/pop-co.fr\/index.php\/wp-json\/wp\/v2\/media\/150688"}],"wp:attachment":[{"href":"https:\/\/pop-co.fr\/index.php\/wp-json\/wp\/v2\/media?parent=5599"}],"wp:term":[{"taxonomy":"product_cat","embeddable":true,"href":"https:\/\/pop-co.fr\/index.php\/wp-json\/wp\/v2\/product_cat?post=5599"},{"taxonomy":"product_tag","embeddable":true,"href":"https:\/\/pop-co.fr\/index.php\/wp-json\/wp\/v2\/product_tag?post=5599"}],"curies":[{"name":"wp","href":"https:\/\/api.w.org\/{rel}","templated":true}]}}