{"id":5602,"date":"2024-02-20T19:21:14","date_gmt":"2024-02-20T18:21:14","guid":{"rendered":"https:\/\/pop-co.fr\/index.php\/product\/chauffes-mains-x2-mandalorian-grogu\/"},"modified":"2025-07-29T11:08:02","modified_gmt":"2025-07-29T09:08:02","slug":"chauffes-mains-x2-mandalorian-grogu","status":"publish","type":"product","link":"https:\/\/pop-co.fr\/index.php\/product\/chauffes-mains-x2-mandalorian-grogu\/","title":{"rendered":"CHAUFFES MAINS X2 &#8211; MANDALORIAN &#8211; Grogu"},"content":{"rendered":"<p>Inspir\u00e9 du landau flottant de Grogu, ce duo de chauffe-mains en gel vise \u00e0 garder les paumes au chaud et \u00e0 l&rsquo;aise partout o\u00f9 la galaxie peut vous emmener.<\/p>\n","protected":false},"excerpt":{"rendered":"<p>Inspir\u00e9 du landau flottant de Grogu, ce duo de chauffe-mains en gel vise \u00e0 garder les paumes au chaud et \u00e0 l&rsquo;aise partout o\u00f9 la galaxie peut vous emmener.<\/p>\n","protected":false},"featured_media":355978,"comment_status":"open","ping_status":"closed","template":"","meta":[],"product_cat":[43],"product_tag":[],"aioseo_notices":[],"jetpack_sharing_enabled":true,"_links":{"self":[{"href":"https:\/\/pop-co.fr\/index.php\/wp-json\/wp\/v2\/product\/5602"}],"collection":[{"href":"https:\/\/pop-co.fr\/index.php\/wp-json\/wp\/v2\/product"}],"about":[{"href":"https:\/\/pop-co.fr\/index.php\/wp-json\/wp\/v2\/types\/product"}],"replies":[{"embeddable":true,"href":"https:\/\/pop-co.fr\/index.php\/wp-json\/wp\/v2\/comments?post=5602"}],"version-history":[{"count":0,"href":"https:\/\/pop-co.fr\/index.php\/wp-json\/wp\/v2\/product\/5602\/revisions"}],"wp:featuredmedia":[{"embeddable":true,"href":"https:\/\/pop-co.fr\/index.php\/wp-json\/wp\/v2\/media\/355978"}],"wp:attachment":[{"href":"https:\/\/pop-co.fr\/index.php\/wp-json\/wp\/v2\/media?parent=5602"}],"wp:term":[{"taxonomy":"product_cat","embeddable":true,"href":"https:\/\/pop-co.fr\/index.php\/wp-json\/wp\/v2\/product_cat?post=5602"},{"taxonomy":"product_tag","embeddable":true,"href":"https:\/\/pop-co.fr\/index.php\/wp-json\/wp\/v2\/product_tag?post=5602"}],"curies":[{"name":"wp","href":"https:\/\/api.w.org\/{rel}","templated":true}]}}