{"id":56029,"date":"2024-03-23T10:39:34","date_gmt":"2024-03-23T09:39:34","guid":{"rendered":"https:\/\/pop-co.fr\/index.php\/product\/carnet-loungefly-hello-kitty-50eme-anniversaire\/"},"modified":"2025-06-28T12:53:40","modified_gmt":"2025-06-28T10:53:40","slug":"carnet-loungefly-hello-kitty-50eme-anniversaire","status":"publish","type":"product","link":"https:\/\/pop-co.fr\/index.php\/product\/carnet-loungefly-hello-kitty-50eme-anniversaire\/","title":{"rendered":"CARNET LOUNGEFLY &#8211; HELLO KITTY &#8211; 50\u00e8me Anniversaire"},"content":{"rendered":"<p>Partagez les moments importants avec un compagnon de confiance. Apportez notre journal Loungefly Sanrio Hello Kitty 50th Anniversary Pearlescent Classic Journal pour noter des id\u00e9es, faire des plans ou simplement enregistrer vos pens\u00e9es et impressions. Ce journal pr\u00e9sente le visage super mignon de Hello Kitty avec ses oreilles appliqu\u00e9es et son n\u0153ud rouge caract\u00e9ristique. En dessous, le haut de son pull appara\u00eet en faux denim pour une touche de fun suppl\u00e9mentaire. Ce journal est \u00e9galement dot\u00e9 d&rsquo;un ext\u00e9rieur brillant et nacr\u00e9. Au dos, un compartiment \u00e0 fermeture \u00e9clair permet de ranger des notes autocollantes, un stylo ou d&rsquo;autres objets dont vous pourriez avoir besoin en cas d&rsquo;inspiration. Lorsque vous ouvrez la couverture, vous trouvez 150 feuilles de papier avec le logo Hello Kitty en rouge vif sur le dessus, ainsi que des imprim\u00e9s Hello Kitty color\u00e9s. Gardez tous vos moments pr\u00e9f\u00e9r\u00e9s \u00e0 port\u00e9e de main !<br \/>\nLe Loungefly Sanrio Hello Kitty 50th Anniversary Pearlescent Journal est fabriqu\u00e9 en cuir v\u00e9g\u00e9talien (polyur\u00e9thane) et pr\u00e9sente des d\u00e9tails appliqu\u00e9s, imprim\u00e9s, en faux denim et nacr\u00e9s, ainsi qu&rsquo;une solide fermeture en m\u00e9tal dor\u00e9.<br \/>\nCe journal est un produit Sanrio sous licence officielle.<br \/>\nDimensions du journal : 16,5 cm de large x 22,2 cm de haut<\/p>\n","protected":false},"excerpt":{"rendered":"<p>Partagez les moments importants avec un compagnon de confiance. Apportez notre journal Loungefly Sanrio Hello Kitty 50th Anniversary Pearlescent Classic Journal pour noter des id\u00e9es, faire des plans ou simplement enregistrer vos pens\u00e9es et impressions. Ce journal pr\u00e9sente le visage super mignon de Hello Kitty avec ses oreilles appliqu\u00e9es et son n\u0153ud rouge caract\u00e9ristique. En [&hellip;]<\/p>\n","protected":false},"featured_media":352435,"comment_status":"open","ping_status":"closed","template":"","meta":[],"product_cat":[47,48],"product_tag":[],"aioseo_notices":[],"jetpack_sharing_enabled":true,"_links":{"self":[{"href":"https:\/\/pop-co.fr\/index.php\/wp-json\/wp\/v2\/product\/56029"}],"collection":[{"href":"https:\/\/pop-co.fr\/index.php\/wp-json\/wp\/v2\/product"}],"about":[{"href":"https:\/\/pop-co.fr\/index.php\/wp-json\/wp\/v2\/types\/product"}],"replies":[{"embeddable":true,"href":"https:\/\/pop-co.fr\/index.php\/wp-json\/wp\/v2\/comments?post=56029"}],"version-history":[{"count":0,"href":"https:\/\/pop-co.fr\/index.php\/wp-json\/wp\/v2\/product\/56029\/revisions"}],"wp:featuredmedia":[{"embeddable":true,"href":"https:\/\/pop-co.fr\/index.php\/wp-json\/wp\/v2\/media\/352435"}],"wp:attachment":[{"href":"https:\/\/pop-co.fr\/index.php\/wp-json\/wp\/v2\/media?parent=56029"}],"wp:term":[{"taxonomy":"product_cat","embeddable":true,"href":"https:\/\/pop-co.fr\/index.php\/wp-json\/wp\/v2\/product_cat?post=56029"},{"taxonomy":"product_tag","embeddable":true,"href":"https:\/\/pop-co.fr\/index.php\/wp-json\/wp\/v2\/product_tag?post=56029"}],"curies":[{"name":"wp","href":"https:\/\/api.w.org\/{rel}","templated":true}]}}