{"id":5619,"date":"2024-02-20T19:21:32","date_gmt":"2024-02-20T18:21:32","guid":{"rendered":"https:\/\/pop-co.fr\/index.php\/product\/creme-mains-lime-disney-mickey-mouse\/"},"modified":"2025-07-29T11:07:54","modified_gmt":"2025-07-29T09:07:54","slug":"creme-mains-lime-disney-mickey-mouse","status":"publish","type":"product","link":"https:\/\/pop-co.fr\/index.php\/product\/creme-mains-lime-disney-mickey-mouse\/","title":{"rendered":"CREME MAINS + LIME &#8211; DISNEY &#8211; Mickey Mouse"},"content":{"rendered":"<p>Nous c\u00e9l\u00e9brons les 100 ans d&rsquo;\u00e9merveillement de Disney avec une collection innovante inspir\u00e9e par l&rsquo;art du mouvement. Con\u00e7ue pour surprendre et ravir, chaque pi\u00e8ce comporte un \u00e9l\u00e9ment mobile interactif bas\u00e9 sur des techniques classiques d&rsquo;animation et de r\u00e9alisation de films, honorant l&rsquo;invention originale et l&rsquo;innovation derri\u00e8re la magie \u00e9ternelle de Disney.<\/p>\n<p>Il est temps d&rsquo;enlever les gants et de r\u00e9compenser les mains qui travaillent dur avec ce duo de cr\u00e8me pour les mains et de lime \u00e0 ongles inspir\u00e9 de Mickey Mouse. Faites plaisir \u00e0 vos mains avec cette cr\u00e8me pour les mains parfum\u00e9e \u00e0 la vanille, enrichie en beurre de karit\u00e9 et profitez de l&rsquo;\u00e9merveillement du mouvement lorsque les bras de Mickey ondulent de haut en bas avec cette lime \u00e0 ongles en forme de silhouette.<\/p>\n<p>Aqua (eau), Paraffinum Liquidum (huile min\u00e9rale), alcool c\u00e9t\u00e9arylique, glyc\u00e9rine, st\u00e9arate de glyc\u00e9ryle, st\u00e9arate de PEG-100, ph\u00e9noxy\u00e9thanol, butyrospermum parkii (beurre de karit\u00e9), parfum (parfum), acrylates\/polym\u00e8re crois\u00e9 d&rsquo;acrylate d&rsquo;alkyle C10-30, \u00e9thylhexylglyc\u00e9rine, EDTA disodique.<\/p>\n","protected":false},"excerpt":{"rendered":"<p>Nous c\u00e9l\u00e9brons les 100 ans d&rsquo;\u00e9merveillement de Disney avec une collection innovante inspir\u00e9e par l&rsquo;art du mouvement. Con\u00e7ue pour surprendre et ravir, chaque pi\u00e8ce comporte un \u00e9l\u00e9ment mobile interactif bas\u00e9 sur des techniques classiques d&rsquo;animation et de r\u00e9alisation de films, honorant l&rsquo;invention originale et l&rsquo;innovation derri\u00e8re la magie \u00e9ternelle de Disney. Il est temps d&rsquo;enlever [&hellip;]<\/p>\n","protected":false},"featured_media":355970,"comment_status":"open","ping_status":"closed","template":"","meta":[],"product_cat":[29],"product_tag":[],"aioseo_notices":[],"jetpack_sharing_enabled":true,"_links":{"self":[{"href":"https:\/\/pop-co.fr\/index.php\/wp-json\/wp\/v2\/product\/5619"}],"collection":[{"href":"https:\/\/pop-co.fr\/index.php\/wp-json\/wp\/v2\/product"}],"about":[{"href":"https:\/\/pop-co.fr\/index.php\/wp-json\/wp\/v2\/types\/product"}],"replies":[{"embeddable":true,"href":"https:\/\/pop-co.fr\/index.php\/wp-json\/wp\/v2\/comments?post=5619"}],"version-history":[{"count":0,"href":"https:\/\/pop-co.fr\/index.php\/wp-json\/wp\/v2\/product\/5619\/revisions"}],"wp:featuredmedia":[{"embeddable":true,"href":"https:\/\/pop-co.fr\/index.php\/wp-json\/wp\/v2\/media\/355970"}],"wp:attachment":[{"href":"https:\/\/pop-co.fr\/index.php\/wp-json\/wp\/v2\/media?parent=5619"}],"wp:term":[{"taxonomy":"product_cat","embeddable":true,"href":"https:\/\/pop-co.fr\/index.php\/wp-json\/wp\/v2\/product_cat?post=5619"},{"taxonomy":"product_tag","embeddable":true,"href":"https:\/\/pop-co.fr\/index.php\/wp-json\/wp\/v2\/product_tag?post=5619"}],"curies":[{"name":"wp","href":"https:\/\/api.w.org\/{rel}","templated":true}]}}