{"id":56254,"date":"2024-03-23T10:43:30","date_gmt":"2024-03-23T09:43:30","guid":{"rendered":"https:\/\/pop-co.fr\/index.php\/product\/pins-mystere-disney-springtime-stitch\/"},"modified":"2025-06-28T12:53:30","modified_gmt":"2025-06-28T10:53:30","slug":"pins-mystere-disney-springtime-stitch","status":"publish","type":"product","link":"https:\/\/pop-co.fr\/index.php\/product\/pins-mystere-disney-springtime-stitch\/","title":{"rendered":"PIN&rsquo;S MYSTERE &#8211; DISNEY &#8211; Springtime Stitch"},"content":{"rendered":"<p>*ATTENTION PRODUIT AL\u00c9ATOIRE NE POUVANT \u00caTRE RETOURN\u00c9*<\/p>\n<p>X1 Badge en m\u00e9tal \u00e9maill\u00e9 taille env. 4 cm, en emballage bo\u00eete-myst\u00e8re.<\/p>\n<p>De nouveaux d\u00e9parts fleurissent ! Embrassez une saison de nouveaux d\u00e9parts avec les Pin&rsquo;s Loungefly Lilo &#038; Stitch Mystery Box. Cet ensemble exclusif montre Stitch alors qu&rsquo;il fabrique des couronnes de fleurs pour tous ses amis. Dans cet ensemble, vous pouvez trouver Stitch tenant une grenouille, Stitch assis avec un papillon, le visage de Stitch avec un papillon sur le nez, une grenouille portant une couronne de fleurs et Stitch avec un caneton. Il y a 1 chance sur 12 que vous trouviez le Pin&rsquo;s chase remplie de paillettes d&rsquo;un caneton portant une couronne de fleurs ! Ces accessoires constituent un ajout adorable \u00e0 n\u2019importe quelle tenue ou sac et sont les compagnons parfaits pour toute sortie entre amis.<br \/>\nLes Pin&rsquo;s en \u00e9mail mesurent environ 3,8 cm de haut et comportent du mat\u00e9riel de couleur bronze. Le gaufrage de la couronne Funko\/Loungefly appara\u00eet au dos.<br \/>\nCes Pin&rsquo;s sont des produits Disney sous licence officielle.<\/p>\n<p>Composition : Enamel<\/p>\n","protected":false},"excerpt":{"rendered":"<p>*ATTENTION PRODUIT AL\u00c9ATOIRE NE POUVANT \u00caTRE RETOURN\u00c9* X1 Badge en m\u00e9tal \u00e9maill\u00e9 taille env. 4 cm, en emballage bo\u00eete-myst\u00e8re. De nouveaux d\u00e9parts fleurissent ! Embrassez une saison de nouveaux d\u00e9parts avec les Pin&rsquo;s Loungefly Lilo &#038; Stitch Mystery Box. Cet ensemble exclusif montre Stitch alors qu&rsquo;il fabrique des couronnes de fleurs pour tous ses amis. [&hellip;]<\/p>\n","protected":false},"featured_media":197010,"comment_status":"open","ping_status":"closed","template":"","meta":[],"product_cat":[30],"product_tag":[],"aioseo_notices":[],"jetpack_sharing_enabled":true,"_links":{"self":[{"href":"https:\/\/pop-co.fr\/index.php\/wp-json\/wp\/v2\/product\/56254"}],"collection":[{"href":"https:\/\/pop-co.fr\/index.php\/wp-json\/wp\/v2\/product"}],"about":[{"href":"https:\/\/pop-co.fr\/index.php\/wp-json\/wp\/v2\/types\/product"}],"replies":[{"embeddable":true,"href":"https:\/\/pop-co.fr\/index.php\/wp-json\/wp\/v2\/comments?post=56254"}],"version-history":[{"count":0,"href":"https:\/\/pop-co.fr\/index.php\/wp-json\/wp\/v2\/product\/56254\/revisions"}],"wp:featuredmedia":[{"embeddable":true,"href":"https:\/\/pop-co.fr\/index.php\/wp-json\/wp\/v2\/media\/197010"}],"wp:attachment":[{"href":"https:\/\/pop-co.fr\/index.php\/wp-json\/wp\/v2\/media?parent=56254"}],"wp:term":[{"taxonomy":"product_cat","embeddable":true,"href":"https:\/\/pop-co.fr\/index.php\/wp-json\/wp\/v2\/product_cat?post=56254"},{"taxonomy":"product_tag","embeddable":true,"href":"https:\/\/pop-co.fr\/index.php\/wp-json\/wp\/v2\/product_tag?post=56254"}],"curies":[{"name":"wp","href":"https:\/\/api.w.org\/{rel}","templated":true}]}}