{"id":5631,"date":"2024-02-20T19:21:43","date_gmt":"2024-02-20T18:21:43","guid":{"rendered":"https:\/\/pop-co.fr\/index.php\/product\/baumes-a-levres-x2-nbx-jack-et-citrouille\/"},"modified":"2025-07-29T11:07:32","modified_gmt":"2025-07-29T09:07:32","slug":"baumes-a-levres-x2-nbx-jack-et-citrouille","status":"publish","type":"product","link":"https:\/\/pop-co.fr\/index.php\/product\/baumes-a-levres-x2-nbx-jack-et-citrouille\/","title":{"rendered":"BAUMES A LEVRES X2 &#8211; NBX &#8211; Jack et citrouille"},"content":{"rendered":"<p>Inutile de garder les l\u00e8vres serr\u00e9es apr\u00e8s avoir utilis\u00e9 l&rsquo;un de ces fabuleux baumes \u00e0 l\u00e8vres hydratants inspir\u00e9s de NBC. Choisissez parmi les parfums de vanille et de noix de coco et gardez-en m\u00eame un pour la maison et un dans votre sac pour que vos l\u00e8vres soient toujours douces et pr\u00e9par\u00e9es.<br \/>\nDimensions<br \/>\n5,50 x 11,50<br \/>\nPoids net<br \/>\n0,07<br \/>\nDDM<br \/>\nNOIX DE COCO : POLYISOBUT\u00c8NE, HUILE MIN\u00c9RALE (PARAFFINUM LIQUIDUM), ACIDE HYDROXYST\u00c9ARIQUE, MALATE DE DIISOST\u00c9ARYLE, PARFUM, CIRE SYNTH\u00c9TIQUE, PH\u00c9NOXY\u00c9THANOL, MICA, AC\u00c9TATE DE TOCOPH\u00c9RYLE, DIOXYDE DE TITANE (CI 77891)<br \/>\nVANILLE : POLYISOBUT\u00c8NE, HUILE MIN\u00c9RALE (PARAFFINUM LIQUIDUM), ACIDE HYDROXYST\u00c9ARIQUE, MALATE DE DIISOST\u00c9ARYLE, CIRE SYNTH\u00c9TIQUE, PH\u00c9NOXY\u00c9THANOL, PARFUM, MICA, AC\u00c9TATE DE TOCOPH\u00c9RYLE, DIOXYDE DE TITANE (CI 77891)<\/p>\n","protected":false},"excerpt":{"rendered":"<p>Inutile de garder les l\u00e8vres serr\u00e9es apr\u00e8s avoir utilis\u00e9 l&rsquo;un de ces fabuleux baumes \u00e0 l\u00e8vres hydratants inspir\u00e9s de NBC. Choisissez parmi les parfums de vanille et de noix de coco et gardez-en m\u00eame un pour la maison et un dans votre sac pour que vos l\u00e8vres soient toujours douces et pr\u00e9par\u00e9es. Dimensions 5,50 x [&hellip;]<\/p>\n","protected":false},"featured_media":355967,"comment_status":"open","ping_status":"closed","template":"","meta":[],"product_cat":[31],"product_tag":[],"aioseo_notices":[],"jetpack_sharing_enabled":true,"_links":{"self":[{"href":"https:\/\/pop-co.fr\/index.php\/wp-json\/wp\/v2\/product\/5631"}],"collection":[{"href":"https:\/\/pop-co.fr\/index.php\/wp-json\/wp\/v2\/product"}],"about":[{"href":"https:\/\/pop-co.fr\/index.php\/wp-json\/wp\/v2\/types\/product"}],"replies":[{"embeddable":true,"href":"https:\/\/pop-co.fr\/index.php\/wp-json\/wp\/v2\/comments?post=5631"}],"version-history":[{"count":0,"href":"https:\/\/pop-co.fr\/index.php\/wp-json\/wp\/v2\/product\/5631\/revisions"}],"wp:featuredmedia":[{"embeddable":true,"href":"https:\/\/pop-co.fr\/index.php\/wp-json\/wp\/v2\/media\/355967"}],"wp:attachment":[{"href":"https:\/\/pop-co.fr\/index.php\/wp-json\/wp\/v2\/media?parent=5631"}],"wp:term":[{"taxonomy":"product_cat","embeddable":true,"href":"https:\/\/pop-co.fr\/index.php\/wp-json\/wp\/v2\/product_cat?post=5631"},{"taxonomy":"product_tag","embeddable":true,"href":"https:\/\/pop-co.fr\/index.php\/wp-json\/wp\/v2\/product_tag?post=5631"}],"curies":[{"name":"wp","href":"https:\/\/api.w.org\/{rel}","templated":true}]}}