{"id":5639,"date":"2024-02-20T19:21:54","date_gmt":"2024-02-20T18:21:54","guid":{"rendered":"https:\/\/pop-co.fr\/index.php\/product\/bombe-de-bain-disney-blanche-neige\/"},"modified":"2025-07-29T11:07:24","modified_gmt":"2025-07-29T09:07:24","slug":"bombe-de-bain-disney-blanche-neige","status":"publish","type":"product","link":"https:\/\/pop-co.fr\/index.php\/product\/bombe-de-bain-disney-blanche-neige\/","title":{"rendered":"BOMBE DE BAIN &#8211; DISNEY &#8211; Blanche Neige"},"content":{"rendered":"<p>Blanche-Neige &#8211; Ce n&rsquo;est pas une pomme ordinaire, c&rsquo;est une pomme p\u00e9tillante pour le bain Blanche-Neige. Faites un v\u0153u et d\u00e9tendez-vous<\/p>\n","protected":false},"excerpt":{"rendered":"<p>Blanche-Neige &#8211; Ce n&rsquo;est pas une pomme ordinaire, c&rsquo;est une pomme p\u00e9tillante pour le bain Blanche-Neige. Faites un v\u0153u et d\u00e9tendez-vous<\/p>\n","protected":false},"featured_media":355964,"comment_status":"open","ping_status":"closed","template":"","meta":[],"product_cat":[29],"product_tag":[],"aioseo_notices":[],"jetpack_sharing_enabled":true,"_links":{"self":[{"href":"https:\/\/pop-co.fr\/index.php\/wp-json\/wp\/v2\/product\/5639"}],"collection":[{"href":"https:\/\/pop-co.fr\/index.php\/wp-json\/wp\/v2\/product"}],"about":[{"href":"https:\/\/pop-co.fr\/index.php\/wp-json\/wp\/v2\/types\/product"}],"replies":[{"embeddable":true,"href":"https:\/\/pop-co.fr\/index.php\/wp-json\/wp\/v2\/comments?post=5639"}],"version-history":[{"count":0,"href":"https:\/\/pop-co.fr\/index.php\/wp-json\/wp\/v2\/product\/5639\/revisions"}],"wp:featuredmedia":[{"embeddable":true,"href":"https:\/\/pop-co.fr\/index.php\/wp-json\/wp\/v2\/media\/355964"}],"wp:attachment":[{"href":"https:\/\/pop-co.fr\/index.php\/wp-json\/wp\/v2\/media?parent=5639"}],"wp:term":[{"taxonomy":"product_cat","embeddable":true,"href":"https:\/\/pop-co.fr\/index.php\/wp-json\/wp\/v2\/product_cat?post=5639"},{"taxonomy":"product_tag","embeddable":true,"href":"https:\/\/pop-co.fr\/index.php\/wp-json\/wp\/v2\/product_tag?post=5639"}],"curies":[{"name":"wp","href":"https:\/\/api.w.org\/{rel}","templated":true}]}}