{"id":5643,"date":"2024-02-20T19:21:58","date_gmt":"2024-02-20T18:21:58","guid":{"rendered":"https:\/\/pop-co.fr\/index.php\/product\/bombe-de-bain-disney-villain\/"},"modified":"2025-07-29T11:07:26","modified_gmt":"2025-07-29T09:07:26","slug":"bombe-de-bain-disney-villain","status":"publish","type":"product","link":"https:\/\/pop-co.fr\/index.php\/product\/bombe-de-bain-disney-villain\/","title":{"rendered":"BOMBE DE BAIN &#8211; DISNEY &#8211; Vilains"},"content":{"rendered":"<p>R\u00e9fl\u00e9chissez \u00e0 votre mauvaise journ\u00e9e pendant que vous vous d\u00e9tendez dans le bain avec ce p\u00e9tillant p\u00e9tillant \u00e0 la cerise noire. Le doux parfum fruit\u00e9 vous rafra\u00eechira et vous pr\u00e9parera \u00e0 conqu\u00e9rir le monde !<\/p>\n","protected":false},"excerpt":{"rendered":"<p>R\u00e9fl\u00e9chissez \u00e0 votre mauvaise journ\u00e9e pendant que vous vous d\u00e9tendez dans le bain avec ce p\u00e9tillant p\u00e9tillant \u00e0 la cerise noire. Le doux parfum fruit\u00e9 vous rafra\u00eechira et vous pr\u00e9parera \u00e0 conqu\u00e9rir le monde !<\/p>\n","protected":false},"featured_media":355962,"comment_status":"open","ping_status":"closed","template":"","meta":[],"product_cat":[29],"product_tag":[],"aioseo_notices":[],"jetpack_sharing_enabled":true,"_links":{"self":[{"href":"https:\/\/pop-co.fr\/index.php\/wp-json\/wp\/v2\/product\/5643"}],"collection":[{"href":"https:\/\/pop-co.fr\/index.php\/wp-json\/wp\/v2\/product"}],"about":[{"href":"https:\/\/pop-co.fr\/index.php\/wp-json\/wp\/v2\/types\/product"}],"replies":[{"embeddable":true,"href":"https:\/\/pop-co.fr\/index.php\/wp-json\/wp\/v2\/comments?post=5643"}],"version-history":[{"count":0,"href":"https:\/\/pop-co.fr\/index.php\/wp-json\/wp\/v2\/product\/5643\/revisions"}],"wp:featuredmedia":[{"embeddable":true,"href":"https:\/\/pop-co.fr\/index.php\/wp-json\/wp\/v2\/media\/355962"}],"wp:attachment":[{"href":"https:\/\/pop-co.fr\/index.php\/wp-json\/wp\/v2\/media?parent=5643"}],"wp:term":[{"taxonomy":"product_cat","embeddable":true,"href":"https:\/\/pop-co.fr\/index.php\/wp-json\/wp\/v2\/product_cat?post=5643"},{"taxonomy":"product_tag","embeddable":true,"href":"https:\/\/pop-co.fr\/index.php\/wp-json\/wp\/v2\/product_tag?post=5643"}],"curies":[{"name":"wp","href":"https:\/\/api.w.org\/{rel}","templated":true}]}}