{"id":5645,"date":"2024-02-20T19:22:01","date_gmt":"2024-02-20T18:22:01","guid":{"rendered":"https:\/\/pop-co.fr\/index.php\/product\/bombe-de-bain-disney-stitch\/"},"modified":"2025-06-28T14:07:08","modified_gmt":"2025-06-28T12:07:08","slug":"bombe-de-bain-disney-stitch","status":"publish","type":"product","link":"https:\/\/pop-co.fr\/index.php\/product\/bombe-de-bain-disney-stitch\/","title":{"rendered":"BOMBE DE BAIN &#8211; DISNEY &#8211; Stitch"},"content":{"rendered":"<p>Cr\u00e9ez votre propre paradis tropical \u00e0 la maison avec ce magnifique bain p\u00e9tillant \u00e0 la noix de coco. Regardez Stitch p\u00e9tiller \u00e9nergiquement, vous laissant avec un bain tropical magnifiquement parfum\u00e9 !<br \/>\n120g Bain p\u00e9tillant<\/p>\n","protected":false},"excerpt":{"rendered":"<p>Cr\u00e9ez votre propre paradis tropical \u00e0 la maison avec ce magnifique bain p\u00e9tillant \u00e0 la noix de coco. Regardez Stitch p\u00e9tiller \u00e9nergiquement, vous laissant avec un bain tropical magnifiquement parfum\u00e9 ! 120g Bain p\u00e9tillant<\/p>\n","protected":false},"featured_media":150719,"comment_status":"open","ping_status":"closed","template":"","meta":[],"product_cat":[30],"product_tag":[],"aioseo_notices":[],"jetpack_sharing_enabled":true,"_links":{"self":[{"href":"https:\/\/pop-co.fr\/index.php\/wp-json\/wp\/v2\/product\/5645"}],"collection":[{"href":"https:\/\/pop-co.fr\/index.php\/wp-json\/wp\/v2\/product"}],"about":[{"href":"https:\/\/pop-co.fr\/index.php\/wp-json\/wp\/v2\/types\/product"}],"replies":[{"embeddable":true,"href":"https:\/\/pop-co.fr\/index.php\/wp-json\/wp\/v2\/comments?post=5645"}],"version-history":[{"count":0,"href":"https:\/\/pop-co.fr\/index.php\/wp-json\/wp\/v2\/product\/5645\/revisions"}],"wp:featuredmedia":[{"embeddable":true,"href":"https:\/\/pop-co.fr\/index.php\/wp-json\/wp\/v2\/media\/150719"}],"wp:attachment":[{"href":"https:\/\/pop-co.fr\/index.php\/wp-json\/wp\/v2\/media?parent=5645"}],"wp:term":[{"taxonomy":"product_cat","embeddable":true,"href":"https:\/\/pop-co.fr\/index.php\/wp-json\/wp\/v2\/product_cat?post=5645"},{"taxonomy":"product_tag","embeddable":true,"href":"https:\/\/pop-co.fr\/index.php\/wp-json\/wp\/v2\/product_tag?post=5645"}],"curies":[{"name":"wp","href":"https:\/\/api.w.org\/{rel}","templated":true}]}}