{"id":56506,"date":"2024-03-23T13:31:29","date_gmt":"2024-03-23T12:31:29","guid":{"rendered":"https:\/\/pop-co.fr\/index.php\/product\/cartes-panini-one-piece-trading-cards-starter-pack-classeur-3-pochettes\/"},"modified":"2025-06-28T12:52:10","modified_gmt":"2025-06-28T10:52:10","slug":"cartes-panini-one-piece-trading-cards-starter-pack-classeur-3-pochettes","status":"publish","type":"product","link":"https:\/\/pop-co.fr\/index.php\/product\/cartes-panini-one-piece-trading-cards-starter-pack-classeur-3-pochettes\/","title":{"rendered":"CARTES PANINI &#8211; ONE PIECE &#8211; Trading cards starter pack classeur + 3 pochettes"},"content":{"rendered":"<p>L&rsquo;\u00e9quipage de l&rsquo;homme au chapeau de paille est pr\u00eat \u00e0 embarquer !<\/p>\n<p>Starter Pack Panini : id\u00e9al pour attaquer la collec.<\/p>\n<p>le pack contient :<br \/>\n1 classeur<br \/>\n3 pochettes de 6 cartes<br \/>\nProduit pr\u00e9sent\u00e9 en pochette g\u00e9ante One Piece.<\/p>\n","protected":false},"excerpt":{"rendered":"<p>L&rsquo;\u00e9quipage de l&rsquo;homme au chapeau de paille est pr\u00eat \u00e0 embarquer ! Starter Pack Panini : id\u00e9al pour attaquer la collec. le pack contient : 1 classeur 3 pochettes de 6 cartes Produit pr\u00e9sent\u00e9 en pochette g\u00e9ante One Piece.<\/p>\n","protected":false},"featured_media":316541,"comment_status":"open","ping_status":"closed","template":"","meta":[],"product_cat":[17,22],"product_tag":[],"aioseo_notices":[],"jetpack_sharing_enabled":true,"_links":{"self":[{"href":"https:\/\/pop-co.fr\/index.php\/wp-json\/wp\/v2\/product\/56506"}],"collection":[{"href":"https:\/\/pop-co.fr\/index.php\/wp-json\/wp\/v2\/product"}],"about":[{"href":"https:\/\/pop-co.fr\/index.php\/wp-json\/wp\/v2\/types\/product"}],"replies":[{"embeddable":true,"href":"https:\/\/pop-co.fr\/index.php\/wp-json\/wp\/v2\/comments?post=56506"}],"version-history":[{"count":0,"href":"https:\/\/pop-co.fr\/index.php\/wp-json\/wp\/v2\/product\/56506\/revisions"}],"wp:featuredmedia":[{"embeddable":true,"href":"https:\/\/pop-co.fr\/index.php\/wp-json\/wp\/v2\/media\/316541"}],"wp:attachment":[{"href":"https:\/\/pop-co.fr\/index.php\/wp-json\/wp\/v2\/media?parent=56506"}],"wp:term":[{"taxonomy":"product_cat","embeddable":true,"href":"https:\/\/pop-co.fr\/index.php\/wp-json\/wp\/v2\/product_cat?post=56506"},{"taxonomy":"product_tag","embeddable":true,"href":"https:\/\/pop-co.fr\/index.php\/wp-json\/wp\/v2\/product_tag?post=56506"}],"curies":[{"name":"wp","href":"https:\/\/api.w.org\/{rel}","templated":true}]}}