{"id":56523,"date":"2024-03-23T14:33:26","date_gmt":"2024-03-23T13:33:26","guid":{"rendered":"https:\/\/pop-co.fr\/index.php\/product\/golden-ticket-one-piece-usopp-v2\/"},"modified":"2025-06-28T12:52:43","modified_gmt":"2025-06-28T10:52:43","slug":"golden-ticket-one-piece-usopp-v2","status":"publish","type":"product","link":"https:\/\/pop-co.fr\/index.php\/product\/golden-ticket-one-piece-usopp-v2\/","title":{"rendered":"GOLDEN TICKET &#8211; ONE PIECE &#8211; Usopp V2"},"content":{"rendered":"<p>Golden Ticket ONE PIECE : Usopp<\/p>\n<p>Chaque ticket est imprim\u00e9 en Haute D\u00e9finition sur du papier PVC ind\u00e9chirable, lavable et recouvert d&rsquo;une fine couche de dorure tr\u00e8s brillante.<\/p>\n<p>Les collections des Tickets sont limit\u00e9es.<\/p>\n<p>Mesure 7 x 14cm<\/p>\n","protected":false},"excerpt":{"rendered":"<p>Golden Ticket ONE PIECE : Usopp Chaque ticket est imprim\u00e9 en Haute D\u00e9finition sur du papier PVC ind\u00e9chirable, lavable et recouvert d&rsquo;une fine couche de dorure tr\u00e8s brillante. Les collections des Tickets sont limit\u00e9es. Mesure 7 x 14cm<\/p>\n","protected":false},"featured_media":316514,"comment_status":"open","ping_status":"closed","template":"","meta":[],"product_cat":[17,22],"product_tag":[],"aioseo_notices":[],"jetpack_sharing_enabled":true,"_links":{"self":[{"href":"https:\/\/pop-co.fr\/index.php\/wp-json\/wp\/v2\/product\/56523"}],"collection":[{"href":"https:\/\/pop-co.fr\/index.php\/wp-json\/wp\/v2\/product"}],"about":[{"href":"https:\/\/pop-co.fr\/index.php\/wp-json\/wp\/v2\/types\/product"}],"replies":[{"embeddable":true,"href":"https:\/\/pop-co.fr\/index.php\/wp-json\/wp\/v2\/comments?post=56523"}],"version-history":[{"count":0,"href":"https:\/\/pop-co.fr\/index.php\/wp-json\/wp\/v2\/product\/56523\/revisions"}],"wp:featuredmedia":[{"embeddable":true,"href":"https:\/\/pop-co.fr\/index.php\/wp-json\/wp\/v2\/media\/316514"}],"wp:attachment":[{"href":"https:\/\/pop-co.fr\/index.php\/wp-json\/wp\/v2\/media?parent=56523"}],"wp:term":[{"taxonomy":"product_cat","embeddable":true,"href":"https:\/\/pop-co.fr\/index.php\/wp-json\/wp\/v2\/product_cat?post=56523"},{"taxonomy":"product_tag","embeddable":true,"href":"https:\/\/pop-co.fr\/index.php\/wp-json\/wp\/v2\/product_tag?post=56523"}],"curies":[{"name":"wp","href":"https:\/\/api.w.org\/{rel}","templated":true}]}}