{"id":56543,"date":"2024-03-23T14:52:14","date_gmt":"2024-03-23T13:52:14","guid":{"rendered":"https:\/\/pop-co.fr\/index.php\/product\/golden-ticket-naruto-uzumaki-naruto-v2\/"},"modified":"2025-06-28T12:52:56","modified_gmt":"2025-06-28T10:52:56","slug":"golden-ticket-naruto-uzumaki-naruto-v2","status":"publish","type":"product","link":"https:\/\/pop-co.fr\/index.php\/product\/golden-ticket-naruto-uzumaki-naruto-v2\/","title":{"rendered":"GOLDEN TICKET &#8211; NARUTO &#8211; Uzumaki Naruto V2"},"content":{"rendered":"<p>Golden Ticket Naruto Shuppiden : Naruto V2<\/p>\n<p>Chaque ticket est imprim\u00e9 en Haute D\u00e9finition sur du papier PVC ind\u00e9chirable, lavable et recouvert d&rsquo;une fine couche de dorure tr\u00e8s brillante.<\/p>\n<p>Les collections des Tickets sont limit\u00e9es.<\/p>\n<p>Mesure 7 x 14cm<\/p>\n","protected":false},"excerpt":{"rendered":"<p>Golden Ticket Naruto Shuppiden : Naruto V2 Chaque ticket est imprim\u00e9 en Haute D\u00e9finition sur du papier PVC ind\u00e9chirable, lavable et recouvert d&rsquo;une fine couche de dorure tr\u00e8s brillante. Les collections des Tickets sont limit\u00e9es. Mesure 7 x 14cm<\/p>\n","protected":false},"featured_media":316506,"comment_status":"open","ping_status":"closed","template":"","meta":[],"product_cat":[17,21],"product_tag":[],"aioseo_notices":[],"jetpack_sharing_enabled":true,"_links":{"self":[{"href":"https:\/\/pop-co.fr\/index.php\/wp-json\/wp\/v2\/product\/56543"}],"collection":[{"href":"https:\/\/pop-co.fr\/index.php\/wp-json\/wp\/v2\/product"}],"about":[{"href":"https:\/\/pop-co.fr\/index.php\/wp-json\/wp\/v2\/types\/product"}],"replies":[{"embeddable":true,"href":"https:\/\/pop-co.fr\/index.php\/wp-json\/wp\/v2\/comments?post=56543"}],"version-history":[{"count":0,"href":"https:\/\/pop-co.fr\/index.php\/wp-json\/wp\/v2\/product\/56543\/revisions"}],"wp:featuredmedia":[{"embeddable":true,"href":"https:\/\/pop-co.fr\/index.php\/wp-json\/wp\/v2\/media\/316506"}],"wp:attachment":[{"href":"https:\/\/pop-co.fr\/index.php\/wp-json\/wp\/v2\/media?parent=56543"}],"wp:term":[{"taxonomy":"product_cat","embeddable":true,"href":"https:\/\/pop-co.fr\/index.php\/wp-json\/wp\/v2\/product_cat?post=56543"},{"taxonomy":"product_tag","embeddable":true,"href":"https:\/\/pop-co.fr\/index.php\/wp-json\/wp\/v2\/product_tag?post=56543"}],"curies":[{"name":"wp","href":"https:\/\/api.w.org\/{rel}","templated":true}]}}