{"id":56546,"date":"2024-03-23T14:52:19","date_gmt":"2024-03-23T13:52:19","guid":{"rendered":"https:\/\/pop-co.fr\/index.php\/product\/golden-ticket-mha-uraraka-ochaco-v2\/"},"modified":"2025-07-09T14:44:50","modified_gmt":"2025-07-09T12:44:50","slug":"golden-ticket-mha-uraraka-ochaco-v2","status":"publish","type":"product","link":"https:\/\/pop-co.fr\/index.php\/product\/golden-ticket-mha-uraraka-ochaco-v2\/","title":{"rendered":"GOLDEN TICKET &#8211; MHA &#8211; Uraraka Ochaco V2"},"content":{"rendered":"<p>Golden Ticket My Hero Academia : Ochaco V2<\/p>\n<p>Chaque ticket est imprim\u00e9 en Haute D\u00e9finition sur du papier PVC ind\u00e9chirable, lavable et recouvert d&rsquo;une fine couche de dorure tr\u00e8s brillante.<\/p>\n<p>Mesure 7 x 14cm<\/p>\n","protected":false},"excerpt":{"rendered":"<p>Golden Ticket My Hero Academia : Ochaco V2 Chaque ticket est imprim\u00e9 en Haute D\u00e9finition sur du papier PVC ind\u00e9chirable, lavable et recouvert d&rsquo;une fine couche de dorure tr\u00e8s brillante. Mesure 7 x 14cm<\/p>\n","protected":false},"featured_media":354135,"comment_status":"open","ping_status":"closed","template":"","meta":[],"product_cat":[17,26],"product_tag":[],"aioseo_notices":[],"jetpack_sharing_enabled":true,"_links":{"self":[{"href":"https:\/\/pop-co.fr\/index.php\/wp-json\/wp\/v2\/product\/56546"}],"collection":[{"href":"https:\/\/pop-co.fr\/index.php\/wp-json\/wp\/v2\/product"}],"about":[{"href":"https:\/\/pop-co.fr\/index.php\/wp-json\/wp\/v2\/types\/product"}],"replies":[{"embeddable":true,"href":"https:\/\/pop-co.fr\/index.php\/wp-json\/wp\/v2\/comments?post=56546"}],"version-history":[{"count":0,"href":"https:\/\/pop-co.fr\/index.php\/wp-json\/wp\/v2\/product\/56546\/revisions"}],"wp:featuredmedia":[{"embeddable":true,"href":"https:\/\/pop-co.fr\/index.php\/wp-json\/wp\/v2\/media\/354135"}],"wp:attachment":[{"href":"https:\/\/pop-co.fr\/index.php\/wp-json\/wp\/v2\/media?parent=56546"}],"wp:term":[{"taxonomy":"product_cat","embeddable":true,"href":"https:\/\/pop-co.fr\/index.php\/wp-json\/wp\/v2\/product_cat?post=56546"},{"taxonomy":"product_tag","embeddable":true,"href":"https:\/\/pop-co.fr\/index.php\/wp-json\/wp\/v2\/product_tag?post=56546"}],"curies":[{"name":"wp","href":"https:\/\/api.w.org\/{rel}","templated":true}]}}