{"id":5657,"date":"2024-02-20T19:22:14","date_gmt":"2024-02-20T18:22:14","guid":{"rendered":"https:\/\/pop-co.fr\/index.php\/product\/bombe-de-bain-mario-mario\/"},"modified":"2025-06-28T14:07:16","modified_gmt":"2025-06-28T12:07:16","slug":"bombe-de-bain-mario-mario","status":"publish","type":"product","link":"https:\/\/pop-co.fr\/index.php\/product\/bombe-de-bain-mario-mario\/","title":{"rendered":"BOMBE DE BAIN &#8211; MARIO &#8211; Mario"},"content":{"rendered":"<p>les parfums et les couleurs peuvent varier<\/p>\n<p>Nos bombes de bain sont connues et appr\u00e9ci\u00e9es dans le monde entier. Ils sont tr\u00e8s mousseux, parfaits pour les peaux sensibles, offrent un excellent rendu des couleurs, des couleurs cach\u00e9es ou une base color\u00e9e renvers\u00e9e, et bien peints.<\/p>\n","protected":false},"excerpt":{"rendered":"<p>les parfums et les couleurs peuvent varier Nos bombes de bain sont connues et appr\u00e9ci\u00e9es dans le monde entier. Ils sont tr\u00e8s mousseux, parfaits pour les peaux sensibles, offrent un excellent rendu des couleurs, des couleurs cach\u00e9es ou une base color\u00e9e renvers\u00e9e, et bien peints.<\/p>\n","protected":false},"featured_media":275725,"comment_status":"open","ping_status":"closed","template":"","meta":[],"product_cat":[34,35],"product_tag":[],"aioseo_notices":[],"jetpack_sharing_enabled":true,"_links":{"self":[{"href":"https:\/\/pop-co.fr\/index.php\/wp-json\/wp\/v2\/product\/5657"}],"collection":[{"href":"https:\/\/pop-co.fr\/index.php\/wp-json\/wp\/v2\/product"}],"about":[{"href":"https:\/\/pop-co.fr\/index.php\/wp-json\/wp\/v2\/types\/product"}],"replies":[{"embeddable":true,"href":"https:\/\/pop-co.fr\/index.php\/wp-json\/wp\/v2\/comments?post=5657"}],"version-history":[{"count":0,"href":"https:\/\/pop-co.fr\/index.php\/wp-json\/wp\/v2\/product\/5657\/revisions"}],"wp:featuredmedia":[{"embeddable":true,"href":"https:\/\/pop-co.fr\/index.php\/wp-json\/wp\/v2\/media\/275725"}],"wp:attachment":[{"href":"https:\/\/pop-co.fr\/index.php\/wp-json\/wp\/v2\/media?parent=5657"}],"wp:term":[{"taxonomy":"product_cat","embeddable":true,"href":"https:\/\/pop-co.fr\/index.php\/wp-json\/wp\/v2\/product_cat?post=5657"},{"taxonomy":"product_tag","embeddable":true,"href":"https:\/\/pop-co.fr\/index.php\/wp-json\/wp\/v2\/product_tag?post=5657"}],"curies":[{"name":"wp","href":"https:\/\/api.w.org\/{rel}","templated":true}]}}