{"id":56716,"date":"2024-03-23T17:44:09","date_gmt":"2024-03-23T16:44:09","guid":{"rendered":"https:\/\/pop-co.fr\/index.php\/product\/aot-pop-n1167-bertholdt-hoover-2\/"},"modified":"2025-07-29T11:55:22","modified_gmt":"2025-07-29T09:55:22","slug":"aot-pop-n1167-bertholdt-hoover-2","status":"publish","type":"product","link":"https:\/\/pop-co.fr\/index.php\/product\/aot-pop-n1167-bertholdt-hoover-2\/","title":{"rendered":"AOT &#8211; POP N\u00b01167 Bertholdt Hoover"},"content":{"rendered":"<p>Pop Attack On Titan : Bertholdt,<\/p>\n<p>mesure 9cm,<\/p>\n<p>produit pr\u00e9sent\u00e9 en bo\u00eete vitrine.<\/p>\n","protected":false},"excerpt":{"rendered":"<p>Pop Attack On Titan : Bertholdt, mesure 9cm, produit pr\u00e9sent\u00e9 en bo\u00eete vitrine.<\/p>\n","protected":false},"featured_media":356518,"comment_status":"open","ping_status":"closed","template":"","meta":[],"product_cat":[25,17],"product_tag":[],"aioseo_notices":[],"jetpack_sharing_enabled":true,"_links":{"self":[{"href":"https:\/\/pop-co.fr\/index.php\/wp-json\/wp\/v2\/product\/56716"}],"collection":[{"href":"https:\/\/pop-co.fr\/index.php\/wp-json\/wp\/v2\/product"}],"about":[{"href":"https:\/\/pop-co.fr\/index.php\/wp-json\/wp\/v2\/types\/product"}],"replies":[{"embeddable":true,"href":"https:\/\/pop-co.fr\/index.php\/wp-json\/wp\/v2\/comments?post=56716"}],"version-history":[{"count":0,"href":"https:\/\/pop-co.fr\/index.php\/wp-json\/wp\/v2\/product\/56716\/revisions"}],"wp:featuredmedia":[{"embeddable":true,"href":"https:\/\/pop-co.fr\/index.php\/wp-json\/wp\/v2\/media\/356518"}],"wp:attachment":[{"href":"https:\/\/pop-co.fr\/index.php\/wp-json\/wp\/v2\/media?parent=56716"}],"wp:term":[{"taxonomy":"product_cat","embeddable":true,"href":"https:\/\/pop-co.fr\/index.php\/wp-json\/wp\/v2\/product_cat?post=56716"},{"taxonomy":"product_tag","embeddable":true,"href":"https:\/\/pop-co.fr\/index.php\/wp-json\/wp\/v2\/product_tag?post=56716"}],"curies":[{"name":"wp","href":"https:\/\/api.w.org\/{rel}","templated":true}]}}