{"id":5906,"date":"2024-02-20T19:26:55","date_gmt":"2024-02-20T18:26:55","guid":{"rendered":"https:\/\/pop-co.fr\/index.php\/product\/serre-tete-loungefly-disney-mickey-mouse-et-minnie-mouse-candy-corn\/"},"modified":"2025-07-29T11:02:13","modified_gmt":"2025-07-29T09:02:13","slug":"serre-tete-loungefly-disney-mickey-mouse-et-minnie-mouse-candy-corn","status":"publish","type":"product","link":"https:\/\/pop-co.fr\/index.php\/product\/serre-tete-loungefly-disney-mickey-mouse-et-minnie-mouse-candy-corn\/","title":{"rendered":"SERRE TETE LOUNGEFLY &#8211; DISNEY &#8211; Mickey Mouse et Minnie Mouse Candy corn"},"content":{"rendered":"<p>Vous avez l&rsquo;air gentil pour les bonbons ou les friandises ! Notre bandeau d&rsquo;oreilles Loungefly Disney Mickey et Minnie Mouse Candy Corn est doublement amusant. Les oreilles de ce bandeau sont en forme de ma\u00efs avec les visages de Mickey et Minnie Mouse, et le n\u0153ud de Minnie est un bonbon emball\u00e9. Le n\u0153ud amovible au milieu brille de mille feux. Ce joli bandeau est \u00e9galement fabriqu\u00e9 en cuir v\u00e9g\u00e9talien et comporte la broderie Loungefly sur le c\u00f4t\u00e9. Fr\u00e9quentez tous vos endroits pr\u00e9f\u00e9r\u00e9s dans un style Disney classique.<\/p>\n<p>Ce bandeau est un produit Disney sous licence officielle.<\/p>\n<p>Taille unique.<\/p>\n<p>Dimensions approximatives : 10,5 \u00ab\u00a0W x 8,5 \u00ab\u00a0H x 1 \u00ab\u00a0D ( 27cm x 21,5cm x 2,5cm )<\/p>\n","protected":false},"excerpt":{"rendered":"<p>Vous avez l&rsquo;air gentil pour les bonbons ou les friandises ! Notre bandeau d&rsquo;oreilles Loungefly Disney Mickey et Minnie Mouse Candy Corn est doublement amusant. Les oreilles de ce bandeau sont en forme de ma\u00efs avec les visages de Mickey et Minnie Mouse, et le n\u0153ud de Minnie est un bonbon emball\u00e9. Le n\u0153ud amovible [&hellip;]<\/p>\n","protected":false},"featured_media":355938,"comment_status":"open","ping_status":"closed","template":"","meta":[],"product_cat":[47,48],"product_tag":[],"aioseo_notices":[],"jetpack_sharing_enabled":true,"_links":{"self":[{"href":"https:\/\/pop-co.fr\/index.php\/wp-json\/wp\/v2\/product\/5906"}],"collection":[{"href":"https:\/\/pop-co.fr\/index.php\/wp-json\/wp\/v2\/product"}],"about":[{"href":"https:\/\/pop-co.fr\/index.php\/wp-json\/wp\/v2\/types\/product"}],"replies":[{"embeddable":true,"href":"https:\/\/pop-co.fr\/index.php\/wp-json\/wp\/v2\/comments?post=5906"}],"version-history":[{"count":0,"href":"https:\/\/pop-co.fr\/index.php\/wp-json\/wp\/v2\/product\/5906\/revisions"}],"wp:featuredmedia":[{"embeddable":true,"href":"https:\/\/pop-co.fr\/index.php\/wp-json\/wp\/v2\/media\/355938"}],"wp:attachment":[{"href":"https:\/\/pop-co.fr\/index.php\/wp-json\/wp\/v2\/media?parent=5906"}],"wp:term":[{"taxonomy":"product_cat","embeddable":true,"href":"https:\/\/pop-co.fr\/index.php\/wp-json\/wp\/v2\/product_cat?post=5906"},{"taxonomy":"product_tag","embeddable":true,"href":"https:\/\/pop-co.fr\/index.php\/wp-json\/wp\/v2\/product_tag?post=5906"}],"curies":[{"name":"wp","href":"https:\/\/api.w.org\/{rel}","templated":true}]}}