{"id":5911,"date":"2024-02-20T19:27:00","date_gmt":"2024-02-20T18:27:00","guid":{"rendered":"https:\/\/pop-co.fr\/index.php\/product\/sac-a-dos-loungefly-disney-minnie-mouse-araignee\/"},"modified":"2025-07-29T11:02:11","modified_gmt":"2025-07-29T09:02:11","slug":"sac-a-dos-loungefly-disney-minnie-mouse-araignee","status":"publish","type":"product","link":"https:\/\/pop-co.fr\/index.php\/product\/sac-a-dos-loungefly-disney-minnie-mouse-araignee\/","title":{"rendered":"SAC A DOS LOUNGEFLY &#8211; DISNEY &#8211; Minnie Mouse araign\u00e9e"},"content":{"rendered":"<p>Yoo-hoo et boo ! Soyez \u00e0 la mode avec le mini sac \u00e0 dos Loungefly Disney Minnie Mouse Spider. Cet accessoire effrayant en forme d&rsquo;araign\u00e9e est dot\u00e9 d&rsquo;un devant rond et bomb\u00e9 sur lequel figure le doux visage de Minnie Mouse. Son n\u0153ud orange, qui compl\u00e8te le design \u00e9l\u00e9gant de couleur noire, s&rsquo;\u00e9l\u00e8ve sur le dessus, et ses pattes d&rsquo;araign\u00e9e d\u00e9passent de quatre c\u00f4t\u00e9s. Ses oreilles en applique ont des toiles \u00e0 l&rsquo;int\u00e9rieur et, dans l&rsquo;obscurit\u00e9, ces toiles et les traits du visage de Minnie brillent ! Vous trouverez \u00e9galement au dos une toile merveilleusement imprim\u00e9e avec deux charmantes araign\u00e9es suspendues \u00e0 des fils. Partez pour des aventures pleines d&rsquo;entrain et laissez une impression d\u00e9licieusement envo\u00fbtante partout o\u00f9 vous irez.<\/p>\n<p>Le mini sac \u00e0 dos Loungefly Disney Minnie Mouse Spider est en cuir v\u00e9g\u00e9talien (polyur\u00e9thane). Le sac est dot\u00e9 de bretelles r\u00e9glables et d&rsquo;une quincaillerie de couleur bronze. Les autres caract\u00e9ristiques comprennent des d\u00e9tails appliqu\u00e9s, phosphorescents, en relief et imprim\u00e9s. Notez la doublure int\u00e9rieure coordonn\u00e9e.<\/p>\n<p>Ce sac \u00e0 dos est un produit Disney sous licence officielle.<\/p>\n<p>Dimensions du sac \u00e0 dos : 10 \u00ab\u00a0W x 10 \u00ab\u00a0H x 3.25 \u00ab\u00a0D ( 25cm x 25cm x 8cm )<\/p>\n","protected":false},"excerpt":{"rendered":"<p>Yoo-hoo et boo ! Soyez \u00e0 la mode avec le mini sac \u00e0 dos Loungefly Disney Minnie Mouse Spider. Cet accessoire effrayant en forme d&rsquo;araign\u00e9e est dot\u00e9 d&rsquo;un devant rond et bomb\u00e9 sur lequel figure le doux visage de Minnie Mouse. Son n\u0153ud orange, qui compl\u00e8te le design \u00e9l\u00e9gant de couleur noire, s&rsquo;\u00e9l\u00e8ve sur le [&hellip;]<\/p>\n","protected":false},"featured_media":355935,"comment_status":"open","ping_status":"closed","template":"","meta":[],"product_cat":[47,48],"product_tag":[],"aioseo_notices":[],"jetpack_sharing_enabled":true,"_links":{"self":[{"href":"https:\/\/pop-co.fr\/index.php\/wp-json\/wp\/v2\/product\/5911"}],"collection":[{"href":"https:\/\/pop-co.fr\/index.php\/wp-json\/wp\/v2\/product"}],"about":[{"href":"https:\/\/pop-co.fr\/index.php\/wp-json\/wp\/v2\/types\/product"}],"replies":[{"embeddable":true,"href":"https:\/\/pop-co.fr\/index.php\/wp-json\/wp\/v2\/comments?post=5911"}],"version-history":[{"count":0,"href":"https:\/\/pop-co.fr\/index.php\/wp-json\/wp\/v2\/product\/5911\/revisions"}],"wp:featuredmedia":[{"embeddable":true,"href":"https:\/\/pop-co.fr\/index.php\/wp-json\/wp\/v2\/media\/355935"}],"wp:attachment":[{"href":"https:\/\/pop-co.fr\/index.php\/wp-json\/wp\/v2\/media?parent=5911"}],"wp:term":[{"taxonomy":"product_cat","embeddable":true,"href":"https:\/\/pop-co.fr\/index.php\/wp-json\/wp\/v2\/product_cat?post=5911"},{"taxonomy":"product_tag","embeddable":true,"href":"https:\/\/pop-co.fr\/index.php\/wp-json\/wp\/v2\/product_tag?post=5911"}],"curies":[{"name":"wp","href":"https:\/\/api.w.org\/{rel}","templated":true}]}}