{"id":5959,"date":"2024-02-20T19:27:47","date_gmt":"2024-02-20T18:27:47","guid":{"rendered":"https:\/\/pop-co.fr\/index.php\/product\/porte-cartes-loungefly-stranger-things-hellfire-club\/"},"modified":"2025-07-29T11:01:59","modified_gmt":"2025-07-29T09:01:59","slug":"porte-cartes-loungefly-stranger-things-hellfire-club","status":"publish","type":"product","link":"https:\/\/pop-co.fr\/index.php\/product\/porte-cartes-loungefly-stranger-things-hellfire-club\/","title":{"rendered":"PORTE CARTES LOUNGEFLY &#8211; STRANGER THINGS &#8211; Hellfire club"},"content":{"rendered":"<p>Rendez-vous \u00e0 la prochaine r\u00e9union du Hellfire Club avec style. Apportez avec vous notre porte-cartes Loungefly Netflix Stranger Things Hellfire Club. Ce porte-cartes pr\u00e9sente le logo du Hellfire Club sur le devant, ainsi qu&rsquo;un motif repr\u00e9sentant le d\u00e9 lanc\u00e9 lors des r\u00e9unions \u00e0 fort enjeu. Derri\u00e8re le logo, 4 fentes permettent de ranger les cartes, et au verso, vous trouverez une fente transparente pour afficher votre carte d&rsquo;identit\u00e9. Affrontez Vecna &#8211; ou votre journ\u00e9e &#8211; en toute simplicit\u00e9.<\/p>\n<p>Le Loungefly Netflix Stranger Things Hellfire Club Card Holder est fabriqu\u00e9 en cuir v\u00e9g\u00e9talien (polyur\u00e9thane). Les caract\u00e9ristiques suppl\u00e9mentaires comprennent des d\u00e9tails appliqu\u00e9s et imprim\u00e9s. Ce porte-cartes est un produit Netflix sous licence officielle. Dimensions du porte-cartes : 3 \u00ab\u00a0W x 5 \u00ab\u00a0H ( 8cm x 12,5cm )<\/p>\n","protected":false},"excerpt":{"rendered":"<p>Rendez-vous \u00e0 la prochaine r\u00e9union du Hellfire Club avec style. Apportez avec vous notre porte-cartes Loungefly Netflix Stranger Things Hellfire Club. Ce porte-cartes pr\u00e9sente le logo du Hellfire Club sur le devant, ainsi qu&rsquo;un motif repr\u00e9sentant le d\u00e9 lanc\u00e9 lors des r\u00e9unions \u00e0 fort enjeu. Derri\u00e8re le logo, 4 fentes permettent de ranger les cartes, [&hellip;]<\/p>\n","protected":false},"featured_media":355930,"comment_status":"open","ping_status":"closed","template":"","meta":[],"product_cat":[47,48],"product_tag":[],"aioseo_notices":[],"jetpack_sharing_enabled":true,"_links":{"self":[{"href":"https:\/\/pop-co.fr\/index.php\/wp-json\/wp\/v2\/product\/5959"}],"collection":[{"href":"https:\/\/pop-co.fr\/index.php\/wp-json\/wp\/v2\/product"}],"about":[{"href":"https:\/\/pop-co.fr\/index.php\/wp-json\/wp\/v2\/types\/product"}],"replies":[{"embeddable":true,"href":"https:\/\/pop-co.fr\/index.php\/wp-json\/wp\/v2\/comments?post=5959"}],"version-history":[{"count":0,"href":"https:\/\/pop-co.fr\/index.php\/wp-json\/wp\/v2\/product\/5959\/revisions"}],"wp:featuredmedia":[{"embeddable":true,"href":"https:\/\/pop-co.fr\/index.php\/wp-json\/wp\/v2\/media\/355930"}],"wp:attachment":[{"href":"https:\/\/pop-co.fr\/index.php\/wp-json\/wp\/v2\/media?parent=5959"}],"wp:term":[{"taxonomy":"product_cat","embeddable":true,"href":"https:\/\/pop-co.fr\/index.php\/wp-json\/wp\/v2\/product_cat?post=5959"},{"taxonomy":"product_tag","embeddable":true,"href":"https:\/\/pop-co.fr\/index.php\/wp-json\/wp\/v2\/product_tag?post=5959"}],"curies":[{"name":"wp","href":"https:\/\/api.w.org\/{rel}","templated":true}]}}