{"id":5964,"date":"2024-02-20T19:27:52","date_gmt":"2024-02-20T18:27:52","guid":{"rendered":"https:\/\/pop-co.fr\/index.php\/product\/sac-a-dos-loungefly-disney-lune-les-noces-funebres\/"},"modified":"2025-06-28T14:09:36","modified_gmt":"2025-06-28T12:09:36","slug":"sac-a-dos-loungefly-disney-lune-les-noces-funebres","status":"publish","type":"product","link":"https:\/\/pop-co.fr\/index.php\/product\/sac-a-dos-loungefly-disney-lune-les-noces-funebres\/","title":{"rendered":"SAC A DOS LOUNGEFLY &#8211; LES NOCES FUNEBRES &#8211; Lune"},"content":{"rendered":"<p>Suivez le clair de lune jusqu&rsquo;au pays des vivants avec style. Dites \u00a0\u00bb oui \u00a0\u00bb \u00e0 notre mini-sac \u00e0 dos Loungefly Warner Bros. Corpse Bride Moon. Une pleine lune se l\u00e8ve derri\u00e8re Emily, qui porte Victor dans la nuit, tandis que des papillons s&rsquo;\u00e9lancent dans la lumi\u00e8re derri\u00e8re eux. Une poche zipp\u00e9e \u00e0 l&rsquo;avant permet de ranger les petits objets que vous pourriez emporter lors de vos voyages. Dans une autre vue, gr\u00e2ce \u00e0 des d\u00e9tails lenticulaires, Emily et Victor apparaissent en ombre chinoise sur la lune. L&rsquo;art original se poursuit sur les poches lat\u00e9rales, avec l&rsquo;image imprim\u00e9e d&rsquo;un papillon pris dans une cloche de verre. Au dos, Scraps et un cr\u00e2ne avec des ailes apparaissent. M\u00eame les bretelles sont orn\u00e9es d&rsquo;appliques repr\u00e9sentant des papillons qui voltigent ! Laissez-vous emporter dans un style envo\u00fbtant avec ce sac \u00e0 dos d&rsquo;une beaut\u00e9 envo\u00fbtante.<\/p>\n<p>Le mini sac \u00e0 dos Loungefly Warner Bros. Corpse Bride Moon est en cuir v\u00e9g\u00e9talien (polyur\u00e9thane). Le sac est dot\u00e9 de bretelles r\u00e9glables et d&rsquo;accessoires en m\u00e9tal de couleur argent\u00e9e. Les autres caract\u00e9ristiques comprennent des d\u00e9tails appliqu\u00e9s, gaufr\u00e9s, lenticulaires et imprim\u00e9s. Notez la doublure int\u00e9rieure coordonn\u00e9e.<\/p>\n<p>Ce sac \u00e0 dos est un produit sous licence officielle de Warner Bros.<\/p>\n<p>Dimensions du sac \u00e0 dos : 9 \u00ab\u00a0W x 10.5 \u00ab\u00a0H x 4.5 \u00ab\u00a0D ( 23cm x 27cm x 11,5cm )<\/p>\n","protected":false},"excerpt":{"rendered":"<p>Suivez le clair de lune jusqu&rsquo;au pays des vivants avec style. Dites \u00a0\u00bb oui \u00a0\u00bb \u00e0 notre mini-sac \u00e0 dos Loungefly Warner Bros. Corpse Bride Moon. Une pleine lune se l\u00e8ve derri\u00e8re Emily, qui porte Victor dans la nuit, tandis que des papillons s&rsquo;\u00e9lancent dans la lumi\u00e8re derri\u00e8re eux. Une poche zipp\u00e9e \u00e0 l&rsquo;avant permet [&hellip;]<\/p>\n","protected":false},"featured_media":150829,"comment_status":"open","ping_status":"closed","template":"","meta":[],"product_cat":[48,47],"product_tag":[],"aioseo_notices":[],"jetpack_sharing_enabled":true,"_links":{"self":[{"href":"https:\/\/pop-co.fr\/index.php\/wp-json\/wp\/v2\/product\/5964"}],"collection":[{"href":"https:\/\/pop-co.fr\/index.php\/wp-json\/wp\/v2\/product"}],"about":[{"href":"https:\/\/pop-co.fr\/index.php\/wp-json\/wp\/v2\/types\/product"}],"replies":[{"embeddable":true,"href":"https:\/\/pop-co.fr\/index.php\/wp-json\/wp\/v2\/comments?post=5964"}],"version-history":[{"count":0,"href":"https:\/\/pop-co.fr\/index.php\/wp-json\/wp\/v2\/product\/5964\/revisions"}],"wp:featuredmedia":[{"embeddable":true,"href":"https:\/\/pop-co.fr\/index.php\/wp-json\/wp\/v2\/media\/150829"}],"wp:attachment":[{"href":"https:\/\/pop-co.fr\/index.php\/wp-json\/wp\/v2\/media?parent=5964"}],"wp:term":[{"taxonomy":"product_cat","embeddable":true,"href":"https:\/\/pop-co.fr\/index.php\/wp-json\/wp\/v2\/product_cat?post=5964"},{"taxonomy":"product_tag","embeddable":true,"href":"https:\/\/pop-co.fr\/index.php\/wp-json\/wp\/v2\/product_tag?post=5964"}],"curies":[{"name":"wp","href":"https:\/\/api.w.org\/{rel}","templated":true}]}}