{"id":5974,"date":"2024-02-20T19:28:02","date_gmt":"2024-02-20T18:28:02","guid":{"rendered":"https:\/\/pop-co.fr\/index.php\/product\/sac-bandouliere-loungefly-disney-emily-les-noces-funebres\/"},"modified":"2025-06-28T14:09:40","modified_gmt":"2025-06-28T12:09:40","slug":"sac-bandouliere-loungefly-disney-emily-les-noces-funebres","status":"publish","type":"product","link":"https:\/\/pop-co.fr\/index.php\/product\/sac-bandouliere-loungefly-disney-emily-les-noces-funebres\/","title":{"rendered":"SAC BANDOULIERE LOUNGEFLY &#8211; LES NOCES FUNEBRES &#8211; Emily"},"content":{"rendered":"<p>Suivez le clair de lune jusqu&rsquo;au pays des vivants avec style. Dites \u00a0\u00bb oui \u00a0\u00bb \u00e0 notre sac \u00e0 bandouli\u00e8re Loungefly Warner Bros. Corpse Bride Emily. Cet accessoire enti\u00e8rement figuratif regorge de d\u00e9tails amusants. Sur le devant, le visage d&rsquo;Emily prend vie gr\u00e2ce \u00e0 d&rsquo;\u00e9l\u00e9gants d\u00e9tails appliqu\u00e9s. Son voile est orn\u00e9 de fleurs en applique et de fausses perles. De plus, son \u0153il droit s&rsquo;ouvre pour r\u00e9v\u00e9ler Maggot, qui brille dans le noir ! Pour les moments moins \u00a0\u00bb r\u00e9v\u00e9lateurs \u00ab\u00a0, une fermeture magn\u00e9tique permet de s\u00e9curiser ce d\u00e9tail cach\u00e9. Au dos, les d\u00e9tails de la chevelure et du voile complexe d&rsquo;Emily se poursuivent, et des papillons \u00a0\u00bb volent \u00a0\u00bb sur les bretelles. Laissez-vous emporter dans un style envo\u00fbtant avec cet accessoire d&rsquo;une beaut\u00e9 envo\u00fbtante.<\/p>\n<p>Le sac Loungefly Warner Bros. Corpse Bride Emily Crossbody Bag est fabriqu\u00e9 en cuir v\u00e9g\u00e9talien (polyur\u00e9thane). Le sac est dot\u00e9 d&rsquo;une bandouli\u00e8re r\u00e9glable, d&rsquo;une fermeture magn\u00e9tique et d&rsquo;une solide quincaillerie en m\u00e9tal de couleur argent\u00e9e. Les autres caract\u00e9ristiques comprennent des applications, des fausses perles, des d\u00e9tails lenticulaires, en relief, phosphorescents et imprim\u00e9s. Notez la doublure int\u00e9rieure coordonn\u00e9e.<\/p>\n<p>Ce sac est un produit sous licence officielle de Warner Bros.<\/p>\n<p>Dimensions du sac : 9 \u00ab\u00a0W x 9 \u00ab\u00a0H x 3 \u00ab\u00a0D ( 23cm x 23cm x 8cm )<\/p>\n","protected":false},"excerpt":{"rendered":"<p>Suivez le clair de lune jusqu&rsquo;au pays des vivants avec style. Dites \u00a0\u00bb oui \u00a0\u00bb \u00e0 notre sac \u00e0 bandouli\u00e8re Loungefly Warner Bros. Corpse Bride Emily. Cet accessoire enti\u00e8rement figuratif regorge de d\u00e9tails amusants. Sur le devant, le visage d&rsquo;Emily prend vie gr\u00e2ce \u00e0 d&rsquo;\u00e9l\u00e9gants d\u00e9tails appliqu\u00e9s. Son voile est orn\u00e9 de fleurs en applique [&hellip;]<\/p>\n","protected":false},"featured_media":150837,"comment_status":"open","ping_status":"closed","template":"","meta":[],"product_cat":[47,48],"product_tag":[],"aioseo_notices":[],"jetpack_sharing_enabled":true,"_links":{"self":[{"href":"https:\/\/pop-co.fr\/index.php\/wp-json\/wp\/v2\/product\/5974"}],"collection":[{"href":"https:\/\/pop-co.fr\/index.php\/wp-json\/wp\/v2\/product"}],"about":[{"href":"https:\/\/pop-co.fr\/index.php\/wp-json\/wp\/v2\/types\/product"}],"replies":[{"embeddable":true,"href":"https:\/\/pop-co.fr\/index.php\/wp-json\/wp\/v2\/comments?post=5974"}],"version-history":[{"count":0,"href":"https:\/\/pop-co.fr\/index.php\/wp-json\/wp\/v2\/product\/5974\/revisions"}],"wp:featuredmedia":[{"embeddable":true,"href":"https:\/\/pop-co.fr\/index.php\/wp-json\/wp\/v2\/media\/150837"}],"wp:attachment":[{"href":"https:\/\/pop-co.fr\/index.php\/wp-json\/wp\/v2\/media?parent=5974"}],"wp:term":[{"taxonomy":"product_cat","embeddable":true,"href":"https:\/\/pop-co.fr\/index.php\/wp-json\/wp\/v2\/product_cat?post=5974"},{"taxonomy":"product_tag","embeddable":true,"href":"https:\/\/pop-co.fr\/index.php\/wp-json\/wp\/v2\/product_tag?post=5974"}],"curies":[{"name":"wp","href":"https:\/\/api.w.org\/{rel}","templated":true}]}}