{"id":60237,"date":"2024-03-27T12:08:49","date_gmt":"2024-03-27T11:08:49","guid":{"rendered":"https:\/\/pop-co.fr\/index.php\/product\/tirelire-disney-dumbo\/"},"modified":"2025-06-28T12:58:16","modified_gmt":"2025-06-28T10:58:16","slug":"tirelire-disney-dumbo","status":"publish","type":"product","link":"https:\/\/pop-co.fr\/index.php\/product\/tirelire-disney-dumbo\/","title":{"rendered":"TIRELIRE &#8211; DISNEY &#8211; Dumbo"},"content":{"rendered":"<p>Une tirelire Dumbo de la marque DISNEY\u00ae.<\/p>\n<p>Cette magnifique tirelire de Magical Beginnings met en sc\u00e8ne Dumbo, imm\u00e9diatement reconnaissable, et vous permet d&rsquo;\u00e9conomiser en cas de mauvais temps.<\/p>\n<p>Ce superbe moule \u00e0 figurine en r\u00e9sine pr\u00e9sente une coloration parfaite et une finition mate, ce qui le rend \u00e0 la fois d\u00e9coratif et pratique. La fente \u00e0 billets est situ\u00e9e \u00e0 l&rsquo;arri\u00e8re de la t\u00eate de Dumbo, avec un bouchon en caoutchouc facile \u00e0 retirer sur sa base pour r\u00e9cup\u00e9rer facilement les fonds. <\/p>\n<p>La tirelire est emball\u00e9e dans un coffret cadeau.<\/p>\n","protected":false},"excerpt":{"rendered":"<p>Une tirelire Dumbo de la marque DISNEY\u00ae. Cette magnifique tirelire de Magical Beginnings met en sc\u00e8ne Dumbo, imm\u00e9diatement reconnaissable, et vous permet d&rsquo;\u00e9conomiser en cas de mauvais temps. Ce superbe moule \u00e0 figurine en r\u00e9sine pr\u00e9sente une coloration parfaite et une finition mate, ce qui le rend \u00e0 la fois d\u00e9coratif et pratique. La fente [&hellip;]<\/p>\n","protected":false},"featured_media":318181,"comment_status":"open","ping_status":"closed","template":"","meta":[],"product_cat":[29],"product_tag":[],"aioseo_notices":[],"jetpack_sharing_enabled":true,"_links":{"self":[{"href":"https:\/\/pop-co.fr\/index.php\/wp-json\/wp\/v2\/product\/60237"}],"collection":[{"href":"https:\/\/pop-co.fr\/index.php\/wp-json\/wp\/v2\/product"}],"about":[{"href":"https:\/\/pop-co.fr\/index.php\/wp-json\/wp\/v2\/types\/product"}],"replies":[{"embeddable":true,"href":"https:\/\/pop-co.fr\/index.php\/wp-json\/wp\/v2\/comments?post=60237"}],"version-history":[{"count":0,"href":"https:\/\/pop-co.fr\/index.php\/wp-json\/wp\/v2\/product\/60237\/revisions"}],"wp:featuredmedia":[{"embeddable":true,"href":"https:\/\/pop-co.fr\/index.php\/wp-json\/wp\/v2\/media\/318181"}],"wp:attachment":[{"href":"https:\/\/pop-co.fr\/index.php\/wp-json\/wp\/v2\/media?parent=60237"}],"wp:term":[{"taxonomy":"product_cat","embeddable":true,"href":"https:\/\/pop-co.fr\/index.php\/wp-json\/wp\/v2\/product_cat?post=60237"},{"taxonomy":"product_tag","embeddable":true,"href":"https:\/\/pop-co.fr\/index.php\/wp-json\/wp\/v2\/product_tag?post=60237"}],"curies":[{"name":"wp","href":"https:\/\/api.w.org\/{rel}","templated":true}]}}