{"id":60256,"date":"2024-03-27T12:12:14","date_gmt":"2024-03-27T11:12:14","guid":{"rendered":"https:\/\/pop-co.fr\/index.php\/product\/diamond-painting-disney-ursula-la-petite-sirene\/"},"modified":"2025-07-29T11:52:34","modified_gmt":"2025-07-29T09:52:34","slug":"diamond-painting-disney-ursula-la-petite-sirene","status":"publish","type":"product","link":"https:\/\/pop-co.fr\/index.php\/product\/diamond-painting-disney-ursula-la-petite-sirene\/","title":{"rendered":"DIAMOND PAINTING &#8211; DISNEY &#8211; Ursula (La petite sir\u00e8ne)"},"content":{"rendered":"<p>Figurines d&rsquo;art en cristal CRAFT BUDDY : l\u00e0 o\u00f9 l&rsquo;artisanat rencontre les jouets \u00e0 collectionner. Les figurines en bois \u00e0 collectionner, id\u00e9ales pour les enfants et les adultes, peuvent \u00eatre fabriqu\u00e9es en 20 \u00e0 30 minutes.<\/p>\n","protected":false},"excerpt":{"rendered":"<p>Figurines d&rsquo;art en cristal CRAFT BUDDY : l\u00e0 o\u00f9 l&rsquo;artisanat rencontre les jouets \u00e0 collectionner. Les figurines en bois \u00e0 collectionner, id\u00e9ales pour les enfants et les adultes, peuvent \u00eatre fabriqu\u00e9es en 20 \u00e0 30 minutes.<\/p>\n","protected":false},"featured_media":356464,"comment_status":"open","ping_status":"closed","template":"","meta":[],"product_cat":[29],"product_tag":[],"aioseo_notices":[],"jetpack_sharing_enabled":true,"_links":{"self":[{"href":"https:\/\/pop-co.fr\/index.php\/wp-json\/wp\/v2\/product\/60256"}],"collection":[{"href":"https:\/\/pop-co.fr\/index.php\/wp-json\/wp\/v2\/product"}],"about":[{"href":"https:\/\/pop-co.fr\/index.php\/wp-json\/wp\/v2\/types\/product"}],"replies":[{"embeddable":true,"href":"https:\/\/pop-co.fr\/index.php\/wp-json\/wp\/v2\/comments?post=60256"}],"version-history":[{"count":0,"href":"https:\/\/pop-co.fr\/index.php\/wp-json\/wp\/v2\/product\/60256\/revisions"}],"wp:featuredmedia":[{"embeddable":true,"href":"https:\/\/pop-co.fr\/index.php\/wp-json\/wp\/v2\/media\/356464"}],"wp:attachment":[{"href":"https:\/\/pop-co.fr\/index.php\/wp-json\/wp\/v2\/media?parent=60256"}],"wp:term":[{"taxonomy":"product_cat","embeddable":true,"href":"https:\/\/pop-co.fr\/index.php\/wp-json\/wp\/v2\/product_cat?post=60256"},{"taxonomy":"product_tag","embeddable":true,"href":"https:\/\/pop-co.fr\/index.php\/wp-json\/wp\/v2\/product_tag?post=60256"}],"curies":[{"name":"wp","href":"https:\/\/api.w.org\/{rel}","templated":true}]}}