{"id":60262,"date":"2024-03-27T12:42:11","date_gmt":"2024-03-27T11:42:11","guid":{"rendered":"https:\/\/pop-co.fr\/index.php\/product\/pez-paques-personnage-1-recharge\/"},"modified":"2025-09-20T19:12:32","modified_gmt":"2025-09-20T17:12:32","slug":"pez-paques-personnage-1-recharge","status":"publish","type":"product","link":"https:\/\/pop-co.fr\/index.php\/product\/pez-paques-personnage-1-recharge\/","title":{"rendered":"PEZ &#8211; PAQUES &#8211; Personnage + 1 recharge"},"content":{"rendered":"<p>D\u00e9couvrez ou red\u00e9couvrez les intemporels Bonbons PEZ, une combinaison unique de d\u00e9licieux bonbon au go\u00fbt de fruit et d\u2019un distributeur (ou jouet) amusant. Le conditionnement classique de la gamme PEZ avec un distributeur aux nombreuses licences pour enfant et deux recharges de d\u00e9licieux bonbons au go\u00fbt de fruits.rnrn3 figurines \u00e0 collectionner.rnrnLes petites briques PEZ, uniques par leur forme, sont rest\u00e9es inchang\u00e9es depuis leur cr\u00e9ation en 1927.rnrnLes Bonbons PEZ sans gluten, sans Lactose<\/p>\n","protected":false},"excerpt":{"rendered":"<p>D\u00e9couvrez ou red\u00e9couvrez les intemporels Bonbons PEZ, une combinaison unique de d\u00e9licieux bonbon au go\u00fbt de fruit et d\u2019un distributeur (ou jouet) amusant. Le conditionnement classique de la gamme PEZ avec un distributeur aux nombreuses licences pour enfant et deux recharges de d\u00e9licieux bonbons au go\u00fbt de fruits.rnrn3 figurines \u00e0 collectionner.rnrnLes petites briques PEZ, uniques [&hellip;]<\/p>\n","protected":false},"featured_media":358727,"comment_status":"open","ping_status":"closed","template":"","meta":[],"product_cat":[77],"product_tag":[],"aioseo_notices":[],"jetpack_sharing_enabled":true,"_links":{"self":[{"href":"https:\/\/pop-co.fr\/index.php\/wp-json\/wp\/v2\/product\/60262"}],"collection":[{"href":"https:\/\/pop-co.fr\/index.php\/wp-json\/wp\/v2\/product"}],"about":[{"href":"https:\/\/pop-co.fr\/index.php\/wp-json\/wp\/v2\/types\/product"}],"replies":[{"embeddable":true,"href":"https:\/\/pop-co.fr\/index.php\/wp-json\/wp\/v2\/comments?post=60262"}],"version-history":[{"count":0,"href":"https:\/\/pop-co.fr\/index.php\/wp-json\/wp\/v2\/product\/60262\/revisions"}],"wp:featuredmedia":[{"embeddable":true,"href":"https:\/\/pop-co.fr\/index.php\/wp-json\/wp\/v2\/media\/358727"}],"wp:attachment":[{"href":"https:\/\/pop-co.fr\/index.php\/wp-json\/wp\/v2\/media?parent=60262"}],"wp:term":[{"taxonomy":"product_cat","embeddable":true,"href":"https:\/\/pop-co.fr\/index.php\/wp-json\/wp\/v2\/product_cat?post=60262"},{"taxonomy":"product_tag","embeddable":true,"href":"https:\/\/pop-co.fr\/index.php\/wp-json\/wp\/v2\/product_tag?post=60262"}],"curies":[{"name":"wp","href":"https:\/\/api.w.org\/{rel}","templated":true}]}}