{"id":60731,"date":"2024-03-28T11:26:41","date_gmt":"2024-03-28T10:26:41","guid":{"rendered":"https:\/\/pop-co.fr\/index.php\/product\/suspension-pat-patrouille-skye\/"},"modified":"2025-06-28T13:29:17","modified_gmt":"2025-06-28T11:29:17","slug":"suspension-pat-patrouille-skye","status":"publish","type":"product","link":"https:\/\/pop-co.fr\/index.php\/product\/suspension-pat-patrouille-skye\/","title":{"rendered":"SUSPENSION &#8211; PAT PATROUILLE &#8211; Stella"},"content":{"rendered":"<p>Une plaque suspendue Skye de PARAMOUNT PAW PATROL. Laissez les tout-petits afficher leur fandom Paw Patrol avec ce merveilleux cadeau. Les deux couleurs principales sont le rose et le marron, et le mat\u00e9riau principal est le bois MDF. Cette derni\u00e8re se pr\u00eate donc \u00e0 ce que cette plaque soit ultra douce au toucher. Il convient \u00e9galement de noter qu\u2019il se pr\u00e9sente dans une finition imprim\u00e9e attrayante. Livr\u00e9 emball\u00e9 dans une bo\u00eete color\u00e9e.<\/p>\n","protected":false},"excerpt":{"rendered":"<p>Une plaque suspendue Skye de PARAMOUNT PAW PATROL. Laissez les tout-petits afficher leur fandom Paw Patrol avec ce merveilleux cadeau. Les deux couleurs principales sont le rose et le marron, et le mat\u00e9riau principal est le bois MDF. Cette derni\u00e8re se pr\u00eate donc \u00e0 ce que cette plaque soit ultra douce au toucher. Il convient [&hellip;]<\/p>\n","protected":false},"featured_media":343888,"comment_status":"open","ping_status":"closed","template":"","meta":[],"product_cat":[39],"product_tag":[],"aioseo_notices":[],"jetpack_sharing_enabled":true,"_links":{"self":[{"href":"https:\/\/pop-co.fr\/index.php\/wp-json\/wp\/v2\/product\/60731"}],"collection":[{"href":"https:\/\/pop-co.fr\/index.php\/wp-json\/wp\/v2\/product"}],"about":[{"href":"https:\/\/pop-co.fr\/index.php\/wp-json\/wp\/v2\/types\/product"}],"replies":[{"embeddable":true,"href":"https:\/\/pop-co.fr\/index.php\/wp-json\/wp\/v2\/comments?post=60731"}],"version-history":[{"count":1,"href":"https:\/\/pop-co.fr\/index.php\/wp-json\/wp\/v2\/product\/60731\/revisions"}],"predecessor-version":[{"id":82474,"href":"https:\/\/pop-co.fr\/index.php\/wp-json\/wp\/v2\/product\/60731\/revisions\/82474"}],"wp:featuredmedia":[{"embeddable":true,"href":"https:\/\/pop-co.fr\/index.php\/wp-json\/wp\/v2\/media\/343888"}],"wp:attachment":[{"href":"https:\/\/pop-co.fr\/index.php\/wp-json\/wp\/v2\/media?parent=60731"}],"wp:term":[{"taxonomy":"product_cat","embeddable":true,"href":"https:\/\/pop-co.fr\/index.php\/wp-json\/wp\/v2\/product_cat?post=60731"},{"taxonomy":"product_tag","embeddable":true,"href":"https:\/\/pop-co.fr\/index.php\/wp-json\/wp\/v2\/product_tag?post=60731"}],"curies":[{"name":"wp","href":"https:\/\/api.w.org\/{rel}","templated":true}]}}