{"id":6084,"date":"2024-02-20T19:30:05","date_gmt":"2024-02-20T18:30:05","guid":{"rendered":"https:\/\/pop-co.fr\/index.php\/product\/peluche-fnaf-chica-2\/"},"modified":"2025-07-29T15:18:06","modified_gmt":"2025-07-29T13:18:06","slug":"peluche-fnaf-chica-2","status":"publish","type":"product","link":"https:\/\/pop-co.fr\/index.php\/product\/peluche-fnaf-chica-2\/","title":{"rendered":"PELUCHE &#8211; FNAF &#8211; Chica"},"content":{"rendered":"<p>Depuis 2014, ces terrifiants animatroniques de Freddy Fazbear&rsquo;s Pizza hantent les cauchemars des joueurs du monde entier. Mais maintenant, vos favoris de la s\u00e9rie de jeux vid\u00e9o \u00e0 succ\u00e8s Five Nights at Freddy&rsquo;s sont disponibles sous la forme de ces incroyables nouvelles peluches \u00ab\u00a0Tie Dye\u00a0\u00bb !<\/p>\n<p>Cette peluche repr\u00e9sente Chica, avec une finition \u00ab\u00a0Tie Dye\u00a0\u00bb qui la rendra encore plus \u00e9trange dans l&rsquo;obscurit\u00e9.<\/p>\n<p>Ajoutez d\u00e8s aujourd&rsquo;hui la peluche Five Nights at Freddy&rsquo;s Tie Dye Plushies \u00e0 votre collection Funko.<\/p>\n","protected":false},"excerpt":{"rendered":"<p>Depuis 2014, ces terrifiants animatroniques de Freddy Fazbear&rsquo;s Pizza hantent les cauchemars des joueurs du monde entier. Mais maintenant, vos favoris de la s\u00e9rie de jeux vid\u00e9o \u00e0 succ\u00e8s Five Nights at Freddy&rsquo;s sont disponibles sous la forme de ces incroyables nouvelles peluches \u00ab\u00a0Tie Dye\u00a0\u00bb ! Cette peluche repr\u00e9sente Chica, avec une finition \u00ab\u00a0Tie Dye\u00a0\u00bb [&hellip;]<\/p>\n","protected":false},"featured_media":356790,"comment_status":"open","ping_status":"closed","template":"","meta":[],"product_cat":[34,38],"product_tag":[],"aioseo_notices":[],"jetpack_sharing_enabled":true,"_links":{"self":[{"href":"https:\/\/pop-co.fr\/index.php\/wp-json\/wp\/v2\/product\/6084"}],"collection":[{"href":"https:\/\/pop-co.fr\/index.php\/wp-json\/wp\/v2\/product"}],"about":[{"href":"https:\/\/pop-co.fr\/index.php\/wp-json\/wp\/v2\/types\/product"}],"replies":[{"embeddable":true,"href":"https:\/\/pop-co.fr\/index.php\/wp-json\/wp\/v2\/comments?post=6084"}],"version-history":[{"count":0,"href":"https:\/\/pop-co.fr\/index.php\/wp-json\/wp\/v2\/product\/6084\/revisions"}],"wp:featuredmedia":[{"embeddable":true,"href":"https:\/\/pop-co.fr\/index.php\/wp-json\/wp\/v2\/media\/356790"}],"wp:attachment":[{"href":"https:\/\/pop-co.fr\/index.php\/wp-json\/wp\/v2\/media?parent=6084"}],"wp:term":[{"taxonomy":"product_cat","embeddable":true,"href":"https:\/\/pop-co.fr\/index.php\/wp-json\/wp\/v2\/product_cat?post=6084"},{"taxonomy":"product_tag","embeddable":true,"href":"https:\/\/pop-co.fr\/index.php\/wp-json\/wp\/v2\/product_tag?post=6084"}],"curies":[{"name":"wp","href":"https:\/\/api.w.org\/{rel}","templated":true}]}}