{"id":61034,"date":"2024-03-28T15:36:45","date_gmt":"2024-03-28T14:36:45","guid":{"rendered":"https:\/\/pop-co.fr\/index.php\/product\/boule-a-neige-disney-winnie-lourson\/"},"modified":"2025-06-28T12:51:09","modified_gmt":"2025-06-28T10:51:09","slug":"boule-a-neige-disney-winnie-lourson","status":"publish","type":"product","link":"https:\/\/pop-co.fr\/index.php\/product\/boule-a-neige-disney-winnie-lourson\/","title":{"rendered":"BOULE A NEIGE &#8211; DISNEY &#8211; Winnie l\u2019ourson"},"content":{"rendered":"<p>Plongez dans l&rsquo;univers de Winnie l&rsquo;ourson avec notre d\u00e9licieuse boule \u00e0 eau Winnie l&rsquo;ourson. <\/p>\n<p>Mettant en sc\u00e8ne une joyeuse Winnie l&rsquo;ourson, avec l&rsquo;inscription \u00ab Aujourd&rsquo;hui est mon jour pr\u00e9f\u00e9r\u00e9 \u00bb sur la base.<\/p>\n<p>Secouez-le et regardez les flocons de neige scintillants danser. Un charmant objet de collection pour tous les fans de Winnie l&rsquo;ourson.<\/p>\n<p>Dimensions : 7 x 7 x 11 cm<\/p>\n","protected":false},"excerpt":{"rendered":"<p>Plongez dans l&rsquo;univers de Winnie l&rsquo;ourson avec notre d\u00e9licieuse boule \u00e0 eau Winnie l&rsquo;ourson. Mettant en sc\u00e8ne une joyeuse Winnie l&rsquo;ourson, avec l&rsquo;inscription \u00ab Aujourd&rsquo;hui est mon jour pr\u00e9f\u00e9r\u00e9 \u00bb sur la base. Secouez-le et regardez les flocons de neige scintillants danser. Un charmant objet de collection pour tous les fans de Winnie l&rsquo;ourson. Dimensions [&hellip;]<\/p>\n","protected":false},"featured_media":252546,"comment_status":"open","ping_status":"closed","template":"","meta":[],"product_cat":[29],"product_tag":[],"aioseo_notices":[],"jetpack_sharing_enabled":true,"_links":{"self":[{"href":"https:\/\/pop-co.fr\/index.php\/wp-json\/wp\/v2\/product\/61034"}],"collection":[{"href":"https:\/\/pop-co.fr\/index.php\/wp-json\/wp\/v2\/product"}],"about":[{"href":"https:\/\/pop-co.fr\/index.php\/wp-json\/wp\/v2\/types\/product"}],"replies":[{"embeddable":true,"href":"https:\/\/pop-co.fr\/index.php\/wp-json\/wp\/v2\/comments?post=61034"}],"version-history":[{"count":0,"href":"https:\/\/pop-co.fr\/index.php\/wp-json\/wp\/v2\/product\/61034\/revisions"}],"wp:featuredmedia":[{"embeddable":true,"href":"https:\/\/pop-co.fr\/index.php\/wp-json\/wp\/v2\/media\/252546"}],"wp:attachment":[{"href":"https:\/\/pop-co.fr\/index.php\/wp-json\/wp\/v2\/media?parent=61034"}],"wp:term":[{"taxonomy":"product_cat","embeddable":true,"href":"https:\/\/pop-co.fr\/index.php\/wp-json\/wp\/v2\/product_cat?post=61034"},{"taxonomy":"product_tag","embeddable":true,"href":"https:\/\/pop-co.fr\/index.php\/wp-json\/wp\/v2\/product_tag?post=61034"}],"curies":[{"name":"wp","href":"https:\/\/api.w.org\/{rel}","templated":true}]}}