{"id":61037,"date":"2024-03-28T15:36:46","date_gmt":"2024-03-28T14:36:46","guid":{"rendered":"https:\/\/pop-co.fr\/index.php\/product\/tasse-disney-dumbo-smile\/"},"modified":"2025-06-28T12:51:03","modified_gmt":"2025-06-28T10:51:03","slug":"tasse-disney-dumbo-smile","status":"publish","type":"product","link":"https:\/\/pop-co.fr\/index.php\/product\/tasse-disney-dumbo-smile\/","title":{"rendered":"TASSE &#8211; DISNEY &#8211; Dumbo Smile"},"content":{"rendered":"<p>Revivez la magie des films les plus embl\u00e9matiques de Disney avec ce mug Dumbo \u00ab You make me smile \u00bb en porcelaine. <\/p>\n<p>Faisant partie de notre gamme Disney Magical Beginnings, ce magnifique mug pr\u00e9sente une esquisse originale du b\u00e9b\u00e9 Dumbo tir\u00e9e du film classique, avec le sentiment \u00ab You make me smile \u00bb en lettres dor\u00e9es. Associ\u00e9 \u00e0 un emballage de marque de haute qualit\u00e9, cet ensemble de mugs \u00e0 collectionner est un cadeau id\u00e9al pour comm\u00e9morer une naissance, une occasion sp\u00e9ciale ou simplement pour quelqu&rsquo;un qui aime les classiques de Disney.<\/p>\n<p>Ne convient pas au lave-vaisselle ni au micro-ondes.<\/p>\n<p>D\u00e9tails :<br \/>\nTasse Disney<br \/>\nSuperbe design Dumbo<br \/>\nAutocollant \u00ab Tu me fais sourire \u00bb<br \/>\nPorcelaine<br \/>\nCoffret cadeau avec couvercle de marque<br \/>\nDimensions : 8 x 11 x 11 cm<\/p>\n","protected":false},"excerpt":{"rendered":"<p>Revivez la magie des films les plus embl\u00e9matiques de Disney avec ce mug Dumbo \u00ab You make me smile \u00bb en porcelaine. Faisant partie de notre gamme Disney Magical Beginnings, ce magnifique mug pr\u00e9sente une esquisse originale du b\u00e9b\u00e9 Dumbo tir\u00e9e du film classique, avec le sentiment \u00ab You make me smile \u00bb en lettres [&hellip;]<\/p>\n","protected":false},"featured_media":0,"comment_status":"open","ping_status":"closed","template":"","meta":[],"product_cat":[29],"product_tag":[],"aioseo_notices":[],"jetpack_sharing_enabled":true,"_links":{"self":[{"href":"https:\/\/pop-co.fr\/index.php\/wp-json\/wp\/v2\/product\/61037"}],"collection":[{"href":"https:\/\/pop-co.fr\/index.php\/wp-json\/wp\/v2\/product"}],"about":[{"href":"https:\/\/pop-co.fr\/index.php\/wp-json\/wp\/v2\/types\/product"}],"replies":[{"embeddable":true,"href":"https:\/\/pop-co.fr\/index.php\/wp-json\/wp\/v2\/comments?post=61037"}],"version-history":[{"count":0,"href":"https:\/\/pop-co.fr\/index.php\/wp-json\/wp\/v2\/product\/61037\/revisions"}],"wp:attachment":[{"href":"https:\/\/pop-co.fr\/index.php\/wp-json\/wp\/v2\/media?parent=61037"}],"wp:term":[{"taxonomy":"product_cat","embeddable":true,"href":"https:\/\/pop-co.fr\/index.php\/wp-json\/wp\/v2\/product_cat?post=61037"},{"taxonomy":"product_tag","embeddable":true,"href":"https:\/\/pop-co.fr\/index.php\/wp-json\/wp\/v2\/product_tag?post=61037"}],"curies":[{"name":"wp","href":"https:\/\/api.w.org\/{rel}","templated":true}]}}