{"id":6104,"date":"2024-02-20T19:30:27","date_gmt":"2024-02-20T18:30:27","guid":{"rendered":"https:\/\/pop-co.fr\/index.php\/product\/sac-a-dos-loungefly-disney-winnie-lourson-halloween\/"},"modified":"2024-02-20T19:30:28","modified_gmt":"2024-02-20T18:30:28","slug":"sac-a-dos-loungefly-disney-winnie-lourson-halloween","status":"publish","type":"product","link":"https:\/\/pop-co.fr\/index.php\/product\/sac-a-dos-loungefly-disney-winnie-lourson-halloween\/","title":{"rendered":"SAC A DOS LOUNGEFLY &#8211; DISNEY &#8211; Winnie l\u2019ourson Halloween"},"content":{"rendered":"<p>C&rsquo;est Halloween dans le Bois des Cent Acres, et Winnie l&rsquo;Ourson et ses amis sont pr\u00eats \u00e0 s&rsquo;amuser \u00e0 faire peur !<\/p>\n<p>En 1926, le monde a rencontr\u00e9 pour la premi\u00e8re fois Winnie l&rsquo;Ourson, un ours en peluche anthropomorphe inspir\u00e9 d&rsquo;un jouet appartenant au fils de A.A. Milne. La collection d&rsquo;histoires d&rsquo;un gar\u00e7on inspir\u00e9 du fils de Milne et ses aventures avec Winnie et tous ses amis ont enchant\u00e9 le monde entier, et depuis qu&rsquo;il a rejoint la famille Walt Disney en 1961, l&rsquo;adoration pour la franchise ne cesse de cro\u00eetre. Au fil des ans, l&rsquo;ourson et ses amis sont m\u00eame apparus dans des \u00e9missions sp\u00e9ciales Halloween, de Pooh&rsquo;s Heffalump Halloween \u00e0 Boo To You Too !<\/p>\n<p>Rejoignez l&rsquo;ourson et la bande dans leurs aventures d&rsquo;Halloween avec cet accessoire mignon et effrayant ! Sur la poche avant, sous la lune et les \u00e9toiles qui brillent dans le noir, on voit la bande dans un d\u00e9cor effrayant dans leurs costumes. D\u00e9guis\u00e9 en sorcier, Porcinet utilise toute sa force pour porter une lanterne. Winnie, en lion, sourit d&rsquo;un air entendu, un seau \u00e0 friandises en forme de citrouille dans sa patte. \u00c0 ses c\u00f4t\u00e9s, Bourriquet est d\u00e9guis\u00e9 en momie, tandis que Tigrou porte une cape de vampire et s&rsquo;est coinc\u00e9 le pied dans une autre citrouille-lanterne ! Le sac est orn\u00e9 d&rsquo;un imprim\u00e9 en cascade qui \u00e9voque toutes sortes de plaisirs d&rsquo;Halloween ! Avec deux poches lat\u00e9rales, un compartiment de rangement principal, des sangles r\u00e9glables et une poign\u00e9e, cet accessoire est parfait pour contenir des bonbons et autres friandises !<\/p>\n<p>Caract\u00e9ristiques du produit :<\/p>\n<p>Brille dans le noir<br \/>\nFaux cuir<br \/>\nBretelles r\u00e9glables<br \/>\nApplique<br \/>\nD\u00e9tails imprim\u00e9s<\/p>\n","protected":false},"excerpt":{"rendered":"<p>C&rsquo;est Halloween dans le Bois des Cent Acres, et Winnie l&rsquo;Ourson et ses amis sont pr\u00eats \u00e0 s&rsquo;amuser \u00e0 faire peur ! En 1926, le monde a rencontr\u00e9 pour la premi\u00e8re fois Winnie l&rsquo;Ourson, un ours en peluche anthropomorphe inspir\u00e9 d&rsquo;un jouet appartenant au fils de A.A. Milne. La collection d&rsquo;histoires d&rsquo;un gar\u00e7on inspir\u00e9 du [&hellip;]<\/p>\n","protected":false},"featured_media":6100,"comment_status":"open","ping_status":"closed","template":"","meta":[],"product_cat":[47,48],"product_tag":[],"aioseo_notices":[],"jetpack_sharing_enabled":true,"_links":{"self":[{"href":"https:\/\/pop-co.fr\/index.php\/wp-json\/wp\/v2\/product\/6104"}],"collection":[{"href":"https:\/\/pop-co.fr\/index.php\/wp-json\/wp\/v2\/product"}],"about":[{"href":"https:\/\/pop-co.fr\/index.php\/wp-json\/wp\/v2\/types\/product"}],"replies":[{"embeddable":true,"href":"https:\/\/pop-co.fr\/index.php\/wp-json\/wp\/v2\/comments?post=6104"}],"version-history":[{"count":0,"href":"https:\/\/pop-co.fr\/index.php\/wp-json\/wp\/v2\/product\/6104\/revisions"}],"wp:featuredmedia":[{"embeddable":true,"href":"https:\/\/pop-co.fr\/index.php\/wp-json\/wp\/v2\/media\/6100"}],"wp:attachment":[{"href":"https:\/\/pop-co.fr\/index.php\/wp-json\/wp\/v2\/media?parent=6104"}],"wp:term":[{"taxonomy":"product_cat","embeddable":true,"href":"https:\/\/pop-co.fr\/index.php\/wp-json\/wp\/v2\/product_cat?post=6104"},{"taxonomy":"product_tag","embeddable":true,"href":"https:\/\/pop-co.fr\/index.php\/wp-json\/wp\/v2\/product_tag?post=6104"}],"curies":[{"name":"wp","href":"https:\/\/api.w.org\/{rel}","templated":true}]}}