{"id":6114,"date":"2024-02-20T19:30:37","date_gmt":"2024-02-20T18:30:37","guid":{"rendered":"https:\/\/pop-co.fr\/index.php\/product\/portefeuille-loungefly-disney-mickey-mouse-et-friends-birthday-celebration\/"},"modified":"2025-07-02T15:57:50","modified_gmt":"2025-07-02T13:57:50","slug":"portefeuille-loungefly-disney-mickey-mouse-et-friends-birthday-celebration","status":"publish","type":"product","link":"https:\/\/pop-co.fr\/index.php\/product\/portefeuille-loungefly-disney-mickey-mouse-et-friends-birthday-celebration\/","title":{"rendered":"PORTEFEUILLE LOUNGEFLY &#8211; DISNEY &#8211; Mickey Mouse et Friends birthday celebration"},"content":{"rendered":"<p>C&rsquo;est un jeu d&rsquo;enfant que d&rsquo;arborer un look festif avec notre portefeuille zipp\u00e9 Loungefly Disney Mickey Mouse and Friends Birthday Celebration. Le n\u0153ud en PVC 3D contient des paillettes confettis color\u00e9es, et si vous regardez attentivement, vous pourriez apercevoir quelques \u00ab\u00a0Mickeys cach\u00e9s\u00a0\u00bb. L&rsquo;ensemble du portefeuille est recouvert de paillettes argent\u00e9es brillantes, y compris les oreilles embl\u00e9matiques qui se dressent sur le dessus. \u00c0 l&rsquo;int\u00e9rieur, 8 fentes permettent de ranger les cartes et une fente transparente permet d&rsquo;afficher une pi\u00e8ce d&rsquo;identit\u00e9. Un ballon de Mickey Mouse d\u00e9coup\u00e9 \u00e0 l&#8217;emporte-pi\u00e8ce ajoute une touche festive. Cet accessoire charmant vous permettra de briller partout o\u00f9 vous irez.<\/p>\n<p>Le portefeuille zipp\u00e9 Loungefly Disney Mickey Mouse and Friends Birthday Celebration est fabriqu\u00e9 en cuir v\u00e9g\u00e9talien (polyur\u00e9thane). Le portefeuille se ferme \u00e0 l&rsquo;aide d&rsquo;une fermeture \u00e9clair en m\u00e9tal argent\u00e9 brillant. Les autres caract\u00e9ristiques comprennent des appliques, du PVC, des paillettes, un n\u0153ud en 3D et des d\u00e9tails imprim\u00e9s. Notez la doublure int\u00e9rieure coordonn\u00e9e.<\/p>\n<p>Ce portefeuille est un produit Disney sous licence officielle.<\/p>\n<p>Dimensions du portefeuille : 8 \u00ab\u00a0W x 4 \u00ab\u00a0H ( 20cm x 10cm )<\/p>\n","protected":false},"excerpt":{"rendered":"<p>C&rsquo;est un jeu d&rsquo;enfant que d&rsquo;arborer un look festif avec notre portefeuille zipp\u00e9 Loungefly Disney Mickey Mouse and Friends Birthday Celebration. Le n\u0153ud en PVC 3D contient des paillettes confettis color\u00e9es, et si vous regardez attentivement, vous pourriez apercevoir quelques \u00ab\u00a0Mickeys cach\u00e9s\u00a0\u00bb. L&rsquo;ensemble du portefeuille est recouvert de paillettes argent\u00e9es brillantes, y compris les oreilles [&hellip;]<\/p>\n","protected":false},"featured_media":353268,"comment_status":"open","ping_status":"closed","template":"","meta":[],"product_cat":[47,48],"product_tag":[],"aioseo_notices":[],"jetpack_sharing_enabled":true,"_links":{"self":[{"href":"https:\/\/pop-co.fr\/index.php\/wp-json\/wp\/v2\/product\/6114"}],"collection":[{"href":"https:\/\/pop-co.fr\/index.php\/wp-json\/wp\/v2\/product"}],"about":[{"href":"https:\/\/pop-co.fr\/index.php\/wp-json\/wp\/v2\/types\/product"}],"replies":[{"embeddable":true,"href":"https:\/\/pop-co.fr\/index.php\/wp-json\/wp\/v2\/comments?post=6114"}],"version-history":[{"count":0,"href":"https:\/\/pop-co.fr\/index.php\/wp-json\/wp\/v2\/product\/6114\/revisions"}],"wp:featuredmedia":[{"embeddable":true,"href":"https:\/\/pop-co.fr\/index.php\/wp-json\/wp\/v2\/media\/353268"}],"wp:attachment":[{"href":"https:\/\/pop-co.fr\/index.php\/wp-json\/wp\/v2\/media?parent=6114"}],"wp:term":[{"taxonomy":"product_cat","embeddable":true,"href":"https:\/\/pop-co.fr\/index.php\/wp-json\/wp\/v2\/product_cat?post=6114"},{"taxonomy":"product_tag","embeddable":true,"href":"https:\/\/pop-co.fr\/index.php\/wp-json\/wp\/v2\/product_tag?post=6114"}],"curies":[{"name":"wp","href":"https:\/\/api.w.org\/{rel}","templated":true}]}}