{"id":6196,"date":"2024-02-20T19:31:58","date_gmt":"2024-02-20T18:31:58","guid":{"rendered":"https:\/\/pop-co.fr\/index.php\/product\/sushi-set-naruto-uzumaki-naruto\/"},"modified":"2025-06-28T14:11:05","modified_gmt":"2025-06-28T12:11:05","slug":"sushi-set-naruto-uzumaki-naruto","status":"publish","type":"product","link":"https:\/\/pop-co.fr\/index.php\/product\/sushi-set-naruto-uzumaki-naruto\/","title":{"rendered":"SUSHI SET &#8211; NARUTO &#8211; Uzumaki Naruto"},"content":{"rendered":"<p>Passez aux sushis ! Nous avons le set parfait pour vous, con\u00e7u sp\u00e9cialement pour les fans ! Ce set de sushis comprend un plateau \u00e0 sushis en c\u00e9ramique, un plat \u00e0 sauce et une paire de baguettes.<br \/>\nPlateau en c\u00e9ramique : Environ 8&Prime; ( 20,3 cm ) x 5 1\/2&Prime; ( 14 cm )<br \/>\nPlat \u00e0 sauce : 4&Prime; ( 10,15cm ) x 2 3\/4&Prime; ( 7 cm )<br \/>\nBaguettes : 7&Prime; (17,8 cm) de long<br \/>\nLaver \u00e0 la main uniquement<br \/>\nNe pas mettre au micro-ondes<\/p>\n","protected":false},"excerpt":{"rendered":"<p>Passez aux sushis ! Nous avons le set parfait pour vous, con\u00e7u sp\u00e9cialement pour les fans ! Ce set de sushis comprend un plateau \u00e0 sushis en c\u00e9ramique, un plat \u00e0 sauce et une paire de baguettes. Plateau en c\u00e9ramique : Environ 8&Prime; ( 20,3 cm ) x 5 1\/2&Prime; ( 14 cm ) Plat [&hellip;]<\/p>\n","protected":false},"featured_media":150892,"comment_status":"open","ping_status":"closed","template":"","meta":[],"product_cat":[17,21],"product_tag":[],"aioseo_notices":[],"jetpack_sharing_enabled":true,"_links":{"self":[{"href":"https:\/\/pop-co.fr\/index.php\/wp-json\/wp\/v2\/product\/6196"}],"collection":[{"href":"https:\/\/pop-co.fr\/index.php\/wp-json\/wp\/v2\/product"}],"about":[{"href":"https:\/\/pop-co.fr\/index.php\/wp-json\/wp\/v2\/types\/product"}],"replies":[{"embeddable":true,"href":"https:\/\/pop-co.fr\/index.php\/wp-json\/wp\/v2\/comments?post=6196"}],"version-history":[{"count":0,"href":"https:\/\/pop-co.fr\/index.php\/wp-json\/wp\/v2\/product\/6196\/revisions"}],"wp:featuredmedia":[{"embeddable":true,"href":"https:\/\/pop-co.fr\/index.php\/wp-json\/wp\/v2\/media\/150892"}],"wp:attachment":[{"href":"https:\/\/pop-co.fr\/index.php\/wp-json\/wp\/v2\/media?parent=6196"}],"wp:term":[{"taxonomy":"product_cat","embeddable":true,"href":"https:\/\/pop-co.fr\/index.php\/wp-json\/wp\/v2\/product_cat?post=6196"},{"taxonomy":"product_tag","embeddable":true,"href":"https:\/\/pop-co.fr\/index.php\/wp-json\/wp\/v2\/product_tag?post=6196"}],"curies":[{"name":"wp","href":"https:\/\/api.w.org\/{rel}","templated":true}]}}