{"id":6264,"date":"2024-02-20T19:33:09","date_gmt":"2024-02-20T18:33:09","guid":{"rendered":"https:\/\/pop-co.fr\/index.php\/product\/theiere-ghibli-noidaudes\/"},"modified":"2025-07-31T09:37:29","modified_gmt":"2025-07-31T07:37:29","slug":"theiere-ghibli-noidaudes","status":"publish","type":"product","link":"https:\/\/pop-co.fr\/index.php\/product\/theiere-ghibli-noidaudes\/","title":{"rendered":"THEIERE &#8211; GHIBLI &#8211; Noiraudes"},"content":{"rendered":"<p>Mesure : L200\u00d7P110\u00d7H195mm<br \/>\nPoids : 505gr<br \/>\nContenance : 1.1L<br \/>\nMati\u00e8re : \u00e9mail<\/p>\n","protected":false},"excerpt":{"rendered":"<p>Mesure : L200\u00d7P110\u00d7H195mm Poids : 505gr Contenance : 1.1L Mati\u00e8re : \u00e9mail<\/p>\n","protected":false},"featured_media":356880,"comment_status":"open","ping_status":"closed","template":"","meta":[],"product_cat":[17,19],"product_tag":[],"aioseo_notices":[],"jetpack_sharing_enabled":true,"_links":{"self":[{"href":"https:\/\/pop-co.fr\/index.php\/wp-json\/wp\/v2\/product\/6264"}],"collection":[{"href":"https:\/\/pop-co.fr\/index.php\/wp-json\/wp\/v2\/product"}],"about":[{"href":"https:\/\/pop-co.fr\/index.php\/wp-json\/wp\/v2\/types\/product"}],"replies":[{"embeddable":true,"href":"https:\/\/pop-co.fr\/index.php\/wp-json\/wp\/v2\/comments?post=6264"}],"version-history":[{"count":1,"href":"https:\/\/pop-co.fr\/index.php\/wp-json\/wp\/v2\/product\/6264\/revisions"}],"predecessor-version":[{"id":356883,"href":"https:\/\/pop-co.fr\/index.php\/wp-json\/wp\/v2\/product\/6264\/revisions\/356883"}],"wp:featuredmedia":[{"embeddable":true,"href":"https:\/\/pop-co.fr\/index.php\/wp-json\/wp\/v2\/media\/356880"}],"wp:attachment":[{"href":"https:\/\/pop-co.fr\/index.php\/wp-json\/wp\/v2\/media?parent=6264"}],"wp:term":[{"taxonomy":"product_cat","embeddable":true,"href":"https:\/\/pop-co.fr\/index.php\/wp-json\/wp\/v2\/product_cat?post=6264"},{"taxonomy":"product_tag","embeddable":true,"href":"https:\/\/pop-co.fr\/index.php\/wp-json\/wp\/v2\/product_tag?post=6264"}],"curies":[{"name":"wp","href":"https:\/\/api.w.org\/{rel}","templated":true}]}}