{"id":62835,"date":"2024-04-02T14:23:42","date_gmt":"2024-04-02T12:23:42","guid":{"rendered":"https:\/\/pop-co.fr\/index.php\/product\/stickers-death-note-icones-death-note\/"},"modified":"2025-06-28T12:50:26","modified_gmt":"2025-06-28T10:50:26","slug":"stickers-death-note-icones-death-note","status":"publish","type":"product","link":"https:\/\/pop-co.fr\/index.php\/product\/stickers-death-note-icones-death-note\/","title":{"rendered":"STICKERS &#8211; DEATH NOTE  &#8211; Personnages Death Note"},"content":{"rendered":"<p>Pr\u00e9f\u00e9rez-vous la protection d&rsquo;un dieu de la mort ou la protection du plus grand d\u00e9tective d&rsquo;Interpol ? Choisissez votre camp entre deux visions de la justice gr\u00e2ce \u00e0 ces mini-stickers Death Note par ABYstyle. <\/p>\n<p>&#8211; Chaque pack est compos\u00e9 de 2 planches d&rsquo;\u00e9l\u00e9ments pr\u00e9d\u00e9coup\u00e9s qui trouveront leur place sur les murs, cahiers, PC portables, frigos\u2026<br \/>\n&#8211; Dimensions totales d\u2019une planche : 16 cm x 11 cm.<br \/>\n&#8211; Planche adh\u00e9sive en vinyle transparent repositionnable 100\u00b5.<\/p>\n","protected":false},"excerpt":{"rendered":"<p>Pr\u00e9f\u00e9rez-vous la protection d&rsquo;un dieu de la mort ou la protection du plus grand d\u00e9tective d&rsquo;Interpol ? Choisissez votre camp entre deux visions de la justice gr\u00e2ce \u00e0 ces mini-stickers Death Note par ABYstyle. &#8211; Chaque pack est compos\u00e9 de 2 planches d&rsquo;\u00e9l\u00e9ments pr\u00e9d\u00e9coup\u00e9s qui trouveront leur place sur les murs, cahiers, PC portables, frigos\u2026 [&hellip;]<\/p>\n","protected":false},"featured_media":198190,"comment_status":"open","ping_status":"closed","template":"","meta":[],"product_cat":[17,18],"product_tag":[],"aioseo_notices":[],"jetpack_sharing_enabled":true,"_links":{"self":[{"href":"https:\/\/pop-co.fr\/index.php\/wp-json\/wp\/v2\/product\/62835"}],"collection":[{"href":"https:\/\/pop-co.fr\/index.php\/wp-json\/wp\/v2\/product"}],"about":[{"href":"https:\/\/pop-co.fr\/index.php\/wp-json\/wp\/v2\/types\/product"}],"replies":[{"embeddable":true,"href":"https:\/\/pop-co.fr\/index.php\/wp-json\/wp\/v2\/comments?post=62835"}],"version-history":[{"count":0,"href":"https:\/\/pop-co.fr\/index.php\/wp-json\/wp\/v2\/product\/62835\/revisions"}],"wp:featuredmedia":[{"embeddable":true,"href":"https:\/\/pop-co.fr\/index.php\/wp-json\/wp\/v2\/media\/198190"}],"wp:attachment":[{"href":"https:\/\/pop-co.fr\/index.php\/wp-json\/wp\/v2\/media?parent=62835"}],"wp:term":[{"taxonomy":"product_cat","embeddable":true,"href":"https:\/\/pop-co.fr\/index.php\/wp-json\/wp\/v2\/product_cat?post=62835"},{"taxonomy":"product_tag","embeddable":true,"href":"https:\/\/pop-co.fr\/index.php\/wp-json\/wp\/v2\/product_tag?post=62835"}],"curies":[{"name":"wp","href":"https:\/\/api.w.org\/{rel}","templated":true}]}}