{"id":62874,"date":"2024-04-02T14:24:21","date_gmt":"2024-04-02T12:24:21","guid":{"rendered":"https:\/\/pop-co.fr\/index.php\/product\/mug-thermoreactif-dragon-ball-dbz-goku\/"},"modified":"2025-07-12T18:47:35","modified_gmt":"2025-07-12T16:47:35","slug":"mug-thermoreactif-dragon-ball-dbz-goku","status":"publish","type":"product","link":"https:\/\/pop-co.fr\/index.php\/product\/mug-thermoreactif-dragon-ball-dbz-goku\/","title":{"rendered":"MUG THERMOREACTIF &#8211; DRAGON BALL &#8211; DBZ Goku"},"content":{"rendered":"<p>Tous les matins, vous verrez d\u00e9sormais votre mug changer d&rsquo;apparence lorsque vous ferez couler votre chocolat chaud, votre th\u00e9 ou votre caf\u00e9. Avec ce mug magique Dragon Ball Z par ABYstyle, faites appara\u00eetre le halo d\u2019\u00e9nergie de Goku et invoquez le Dragon Shenron. <\/p>\n<p>Caract\u00e9ristiques :<br \/>\n&#8211; Change d&rsquo;aspect lorsque vous versez un liquide chaud.<br \/>\n&#8211; Grande contenance (460 ml).<br \/>\n&#8211; Ne passe pas au micro-ondes ou au lave-vaisselle<br \/>\n&#8211; Mati\u00e8re c\u00e9ramique.<br \/>\n&#8211; Packaging : bo\u00eete cartonn\u00e9e permettant de prot\u00e9ger le mug tout en assurant une visibilit\u00e9 \u00e0 360\u00b0.<\/p>\n","protected":false},"excerpt":{"rendered":"<p>Tous les matins, vous verrez d\u00e9sormais votre mug changer d&rsquo;apparence lorsque vous ferez couler votre chocolat chaud, votre th\u00e9 ou votre caf\u00e9. Avec ce mug magique Dragon Ball Z par ABYstyle, faites appara\u00eetre le halo d\u2019\u00e9nergie de Goku et invoquez le Dragon Shenron. Caract\u00e9ristiques : &#8211; Change d&rsquo;aspect lorsque vous versez un liquide chaud. &#8211; [&hellip;]<\/p>\n","protected":false},"featured_media":354458,"comment_status":"open","ping_status":"closed","template":"","meta":[],"product_cat":[23,17],"product_tag":[],"aioseo_notices":[],"jetpack_sharing_enabled":true,"_links":{"self":[{"href":"https:\/\/pop-co.fr\/index.php\/wp-json\/wp\/v2\/product\/62874"}],"collection":[{"href":"https:\/\/pop-co.fr\/index.php\/wp-json\/wp\/v2\/product"}],"about":[{"href":"https:\/\/pop-co.fr\/index.php\/wp-json\/wp\/v2\/types\/product"}],"replies":[{"embeddable":true,"href":"https:\/\/pop-co.fr\/index.php\/wp-json\/wp\/v2\/comments?post=62874"}],"version-history":[{"count":0,"href":"https:\/\/pop-co.fr\/index.php\/wp-json\/wp\/v2\/product\/62874\/revisions"}],"wp:featuredmedia":[{"embeddable":true,"href":"https:\/\/pop-co.fr\/index.php\/wp-json\/wp\/v2\/media\/354458"}],"wp:attachment":[{"href":"https:\/\/pop-co.fr\/index.php\/wp-json\/wp\/v2\/media?parent=62874"}],"wp:term":[{"taxonomy":"product_cat","embeddable":true,"href":"https:\/\/pop-co.fr\/index.php\/wp-json\/wp\/v2\/product_cat?post=62874"},{"taxonomy":"product_tag","embeddable":true,"href":"https:\/\/pop-co.fr\/index.php\/wp-json\/wp\/v2\/product_tag?post=62874"}],"curies":[{"name":"wp","href":"https:\/\/api.w.org\/{rel}","templated":true}]}}