{"id":62907,"date":"2024-04-02T14:24:43","date_gmt":"2024-04-02T12:24:43","guid":{"rendered":"https:\/\/pop-co.fr\/index.php\/product\/bol-naruto-akatsuki\/"},"modified":"2025-03-31T12:33:49","modified_gmt":"2025-03-31T10:33:49","slug":"bol-naruto-akatsuki","status":"publish","type":"product","link":"https:\/\/pop-co.fr\/index.php\/product\/bol-naruto-akatsuki\/","title":{"rendered":"BOL &#8211; NARUTO &#8211; Akatsuki"},"content":{"rendered":"<p>Prenez votre petit d\u00e9jeuner avec les membres de l&rsquo;Akatsuki gr\u00e2ce \u00e0 ce bol Naruto Shippuden par ABYstyle afin d&rsquo;avoir assez d&rsquo;\u00e9nergie pour partir en mission avec vos co\u00e9quipiers ! <\/p>\n<p>&#8211; Bol en c\u00e9ramique de haute qualit\u00e9. Contenance standard (600 ml)<br \/>\n&#8211; Tenue d&rsquo;impression exceptionnelle : r\u00e9siste \u00e0 plus de 800 cycles au lave-vaisselle.<br \/>\n&#8211; Compatible Micro-ondes<br \/>\n&#8211; Packaging cartonn\u00e9 permettant de prot\u00e9ger le bol tout en assurant une visibilit\u00e9 \u00e0 360\u00b0.<\/p>\n","protected":false},"excerpt":{"rendered":"<p>Prenez votre petit d\u00e9jeuner avec les membres de l&rsquo;Akatsuki gr\u00e2ce \u00e0 ce bol Naruto Shippuden par ABYstyle afin d&rsquo;avoir assez d&rsquo;\u00e9nergie pour partir en mission avec vos co\u00e9quipiers ! &#8211; Bol en c\u00e9ramique de haute qualit\u00e9. Contenance standard (600 ml) &#8211; Tenue d&rsquo;impression exceptionnelle : r\u00e9siste \u00e0 plus de 800 cycles au lave-vaisselle. &#8211; Compatible [&hellip;]<\/p>\n","protected":false},"featured_media":335620,"comment_status":"open","ping_status":"closed","template":"","meta":[],"product_cat":[17,21],"product_tag":[],"aioseo_notices":[],"jetpack_sharing_enabled":true,"_links":{"self":[{"href":"https:\/\/pop-co.fr\/index.php\/wp-json\/wp\/v2\/product\/62907"}],"collection":[{"href":"https:\/\/pop-co.fr\/index.php\/wp-json\/wp\/v2\/product"}],"about":[{"href":"https:\/\/pop-co.fr\/index.php\/wp-json\/wp\/v2\/types\/product"}],"replies":[{"embeddable":true,"href":"https:\/\/pop-co.fr\/index.php\/wp-json\/wp\/v2\/comments?post=62907"}],"version-history":[{"count":0,"href":"https:\/\/pop-co.fr\/index.php\/wp-json\/wp\/v2\/product\/62907\/revisions"}],"wp:featuredmedia":[{"embeddable":true,"href":"https:\/\/pop-co.fr\/index.php\/wp-json\/wp\/v2\/media\/335620"}],"wp:attachment":[{"href":"https:\/\/pop-co.fr\/index.php\/wp-json\/wp\/v2\/media?parent=62907"}],"wp:term":[{"taxonomy":"product_cat","embeddable":true,"href":"https:\/\/pop-co.fr\/index.php\/wp-json\/wp\/v2\/product_cat?post=62907"},{"taxonomy":"product_tag","embeddable":true,"href":"https:\/\/pop-co.fr\/index.php\/wp-json\/wp\/v2\/product_tag?post=62907"}],"curies":[{"name":"wp","href":"https:\/\/api.w.org\/{rel}","templated":true}]}}