{"id":62964,"date":"2024-04-02T14:25:18","date_gmt":"2024-04-02T12:25:18","guid":{"rendered":"https:\/\/pop-co.fr\/index.php\/product\/carnet-sailor-moon-luna-et-artemis\/"},"modified":"2025-06-28T12:50:08","modified_gmt":"2025-06-28T10:50:08","slug":"carnet-sailor-moon-luna-et-artemis","status":"publish","type":"product","link":"https:\/\/pop-co.fr\/index.php\/product\/carnet-sailor-moon-luna-et-artemis\/","title":{"rendered":"CARNET &#8211; SAILOR MOON &#8211; Luna et Artemis"},"content":{"rendered":"<p>Avec ce cahier premium Sailor Moon par ABYstyle, notez tous les conseils des chats gardiens Luna &amp; Artemis pour devenir une sailor guerri\u00e8re aguerrie. <\/p>\n<p>&#8211; Couverture cartonn\u00e9e, textur\u00e9e avec dorure<br \/>\n&#8211; Signet marque page<br \/>\n&#8211; Reliure en dos carr\u00e9 coll\u00e9<br \/>\n&#8211; Mati\u00e8re : papier<br \/>\n&#8211; Tranche dor\u00e9e<br \/>\n&#8211; 180 pages, 90g, pages imprim\u00e9es en 4C avec motifs<br \/>\n&#8211; Dimensions : H. 21,7 cm x 15,5 cm<\/p>\n","protected":false},"excerpt":{"rendered":"<p>Avec ce cahier premium Sailor Moon par ABYstyle, notez tous les conseils des chats gardiens Luna &amp; Artemis pour devenir une sailor guerri\u00e8re aguerrie. &#8211; Couverture cartonn\u00e9e, textur\u00e9e avec dorure &#8211; Signet marque page &#8211; Reliure en dos carr\u00e9 coll\u00e9 &#8211; Mati\u00e8re : papier &#8211; Tranche dor\u00e9e &#8211; 180 pages, 90g, pages imprim\u00e9es en 4C [&hellip;]<\/p>\n","protected":false},"featured_media":156475,"comment_status":"open","ping_status":"closed","template":"","meta":[],"product_cat":[17,69],"product_tag":[],"aioseo_notices":[],"jetpack_sharing_enabled":true,"_links":{"self":[{"href":"https:\/\/pop-co.fr\/index.php\/wp-json\/wp\/v2\/product\/62964"}],"collection":[{"href":"https:\/\/pop-co.fr\/index.php\/wp-json\/wp\/v2\/product"}],"about":[{"href":"https:\/\/pop-co.fr\/index.php\/wp-json\/wp\/v2\/types\/product"}],"replies":[{"embeddable":true,"href":"https:\/\/pop-co.fr\/index.php\/wp-json\/wp\/v2\/comments?post=62964"}],"version-history":[{"count":0,"href":"https:\/\/pop-co.fr\/index.php\/wp-json\/wp\/v2\/product\/62964\/revisions"}],"wp:featuredmedia":[{"embeddable":true,"href":"https:\/\/pop-co.fr\/index.php\/wp-json\/wp\/v2\/media\/156475"}],"wp:attachment":[{"href":"https:\/\/pop-co.fr\/index.php\/wp-json\/wp\/v2\/media?parent=62964"}],"wp:term":[{"taxonomy":"product_cat","embeddable":true,"href":"https:\/\/pop-co.fr\/index.php\/wp-json\/wp\/v2\/product_cat?post=62964"},{"taxonomy":"product_tag","embeddable":true,"href":"https:\/\/pop-co.fr\/index.php\/wp-json\/wp\/v2\/product_tag?post=62964"}],"curies":[{"name":"wp","href":"https:\/\/api.w.org\/{rel}","templated":true}]}}