{"id":6304,"date":"2024-02-20T19:34:01","date_gmt":"2024-02-20T18:34:01","guid":{"rendered":"https:\/\/pop-co.fr\/index.php\/product\/trousse-3-compartiments-marvel-spiderman\/"},"modified":"2025-07-29T11:01:27","modified_gmt":"2025-07-29T09:01:27","slug":"trousse-3-compartiments-marvel-spiderman","status":"publish","type":"product","link":"https:\/\/pop-co.fr\/index.php\/product\/trousse-3-compartiments-marvel-spiderman\/","title":{"rendered":"TROUSSE 3 COMPARTIMENTS &#8211; MARVEL &#8211; Spiderman"},"content":{"rendered":"<p>Trousse rectangulaire \u00e0 trois compartiments pour vos affaires. Les deux poches ext\u00e9rieures s&rsquo;ouvrent avec la fermeture \u00e9clair principale et la troisi\u00e8me avec la sienne.<\/p>\n<p>\u2022  Pays de fabrication : Chine<br \/>\n\u2022  Dimensions : 7 x 23 x 11\u202fcm (2,8\u2033 x 9,1\u2033 x 4,3\u2033)<br \/>\n\u2022  Poids : 117,9\u202fg (4,2\u202foz)<\/p>\n","protected":false},"excerpt":{"rendered":"<p>Trousse rectangulaire \u00e0 trois compartiments pour vos affaires. Les deux poches ext\u00e9rieures s&rsquo;ouvrent avec la fermeture \u00e9clair principale et la troisi\u00e8me avec la sienne. \u2022 Pays de fabrication : Chine \u2022 Dimensions : 7 x 23 x 11\u202fcm (2,8\u2033 x 9,1\u2033 x 4,3\u2033) \u2022 Poids : 117,9\u202fg (4,2\u202foz)<\/p>\n","protected":false},"featured_media":355916,"comment_status":"open","ping_status":"closed","template":"","meta":[],"product_cat":[29,63],"product_tag":[],"aioseo_notices":[],"jetpack_sharing_enabled":true,"_links":{"self":[{"href":"https:\/\/pop-co.fr\/index.php\/wp-json\/wp\/v2\/product\/6304"}],"collection":[{"href":"https:\/\/pop-co.fr\/index.php\/wp-json\/wp\/v2\/product"}],"about":[{"href":"https:\/\/pop-co.fr\/index.php\/wp-json\/wp\/v2\/types\/product"}],"replies":[{"embeddable":true,"href":"https:\/\/pop-co.fr\/index.php\/wp-json\/wp\/v2\/comments?post=6304"}],"version-history":[{"count":0,"href":"https:\/\/pop-co.fr\/index.php\/wp-json\/wp\/v2\/product\/6304\/revisions"}],"wp:featuredmedia":[{"embeddable":true,"href":"https:\/\/pop-co.fr\/index.php\/wp-json\/wp\/v2\/media\/355916"}],"wp:attachment":[{"href":"https:\/\/pop-co.fr\/index.php\/wp-json\/wp\/v2\/media?parent=6304"}],"wp:term":[{"taxonomy":"product_cat","embeddable":true,"href":"https:\/\/pop-co.fr\/index.php\/wp-json\/wp\/v2\/product_cat?post=6304"},{"taxonomy":"product_tag","embeddable":true,"href":"https:\/\/pop-co.fr\/index.php\/wp-json\/wp\/v2\/product_tag?post=6304"}],"curies":[{"name":"wp","href":"https:\/\/api.w.org\/{rel}","templated":true}]}}