{"id":6308,"date":"2024-02-20T19:34:05","date_gmt":"2024-02-20T18:34:05","guid":{"rendered":"https:\/\/pop-co.fr\/index.php\/product\/trousse-carree-marvel-spiderman\/"},"modified":"2025-06-28T14:11:53","modified_gmt":"2025-06-28T12:11:53","slug":"trousse-carree-marvel-spiderman","status":"publish","type":"product","link":"https:\/\/pop-co.fr\/index.php\/product\/trousse-carree-marvel-spiderman\/","title":{"rendered":"TROUSSE CARREE &#8211; MARVEL &#8211; Spiderman"},"content":{"rendered":"<p>Trousse \u00e0 crayons \u00e0 profil carr\u00e9 avec un seul compartiment et une fermeture \u00e0 glissi\u00e8re.<\/p>\n<p>\u2022  Pays de fabrication : Chine<br \/>\n\u2022  Dimensions : 5,5 x 21 x 8\u202fcm (2,2\u2033 x 8,3\u2033 x 3,2\u2033)<br \/>\n\u2022  Poids : 59\u202fg (2,1\u202foz)<\/p>\n","protected":false},"excerpt":{"rendered":"<p>Trousse \u00e0 crayons \u00e0 profil carr\u00e9 avec un seul compartiment et une fermeture \u00e0 glissi\u00e8re. \u2022 Pays de fabrication : Chine \u2022 Dimensions : 5,5 x 21 x 8\u202fcm (2,2\u2033 x 8,3\u2033 x 3,2\u2033) \u2022 Poids : 59\u202fg (2,1\u202foz)<\/p>\n","protected":false},"featured_media":338870,"comment_status":"open","ping_status":"closed","template":"","meta":[],"product_cat":[29,63],"product_tag":[],"aioseo_notices":[],"jetpack_sharing_enabled":true,"_links":{"self":[{"href":"https:\/\/pop-co.fr\/index.php\/wp-json\/wp\/v2\/product\/6308"}],"collection":[{"href":"https:\/\/pop-co.fr\/index.php\/wp-json\/wp\/v2\/product"}],"about":[{"href":"https:\/\/pop-co.fr\/index.php\/wp-json\/wp\/v2\/types\/product"}],"replies":[{"embeddable":true,"href":"https:\/\/pop-co.fr\/index.php\/wp-json\/wp\/v2\/comments?post=6308"}],"version-history":[{"count":0,"href":"https:\/\/pop-co.fr\/index.php\/wp-json\/wp\/v2\/product\/6308\/revisions"}],"wp:featuredmedia":[{"embeddable":true,"href":"https:\/\/pop-co.fr\/index.php\/wp-json\/wp\/v2\/media\/338870"}],"wp:attachment":[{"href":"https:\/\/pop-co.fr\/index.php\/wp-json\/wp\/v2\/media?parent=6308"}],"wp:term":[{"taxonomy":"product_cat","embeddable":true,"href":"https:\/\/pop-co.fr\/index.php\/wp-json\/wp\/v2\/product_cat?post=6308"},{"taxonomy":"product_tag","embeddable":true,"href":"https:\/\/pop-co.fr\/index.php\/wp-json\/wp\/v2\/product_tag?post=6308"}],"curies":[{"name":"wp","href":"https:\/\/api.w.org\/{rel}","templated":true}]}}