{"id":6312,"date":"2024-02-20T19:34:09","date_gmt":"2024-02-20T18:34:09","guid":{"rendered":"https:\/\/pop-co.fr\/index.php\/product\/trousse-2-compartiments-3d-disney-simba-le-roi-lion\/"},"modified":"2025-07-29T11:01:22","modified_gmt":"2025-07-29T09:01:22","slug":"trousse-2-compartiments-3d-disney-simba-le-roi-lion","status":"publish","type":"product","link":"https:\/\/pop-co.fr\/index.php\/product\/trousse-2-compartiments-3d-disney-simba-le-roi-lion\/","title":{"rendered":"TROUSSE 2 COMPARTIMENTS 3D &#8211; DISNEY &#8211; Simba (Le roi lion)"},"content":{"rendered":"<p>\u00c9tui \u00e0 crayons scolaire avec double compartiment avec fermeture \u00e0 glissi\u00e8re et doublure int\u00e9rieure. Conception avec bord gaufr\u00e9e.<\/p>\n<p>\u2022  Pays de fabrication : Chine<br \/>\n\u2022  Dimensions : 8 x 22 x 9,5\u202fcm (3,2\u2033 x 8,7\u2033 x 3,7\u2033)<br \/>\n\u2022  Poids : 117,9\u202fg (4,2\u202foz)<\/p>\n","protected":false},"excerpt":{"rendered":"<p>\u00c9tui \u00e0 crayons scolaire avec double compartiment avec fermeture \u00e0 glissi\u00e8re et doublure int\u00e9rieure. Conception avec bord gaufr\u00e9e. \u2022 Pays de fabrication : Chine \u2022 Dimensions : 8 x 22 x 9,5\u202fcm (3,2\u2033 x 8,7\u2033 x 3,7\u2033) \u2022 Poids : 117,9\u202fg (4,2\u202foz)<\/p>\n","protected":false},"featured_media":355913,"comment_status":"open","ping_status":"closed","template":"","meta":[],"product_cat":[29],"product_tag":[],"aioseo_notices":[],"jetpack_sharing_enabled":true,"_links":{"self":[{"href":"https:\/\/pop-co.fr\/index.php\/wp-json\/wp\/v2\/product\/6312"}],"collection":[{"href":"https:\/\/pop-co.fr\/index.php\/wp-json\/wp\/v2\/product"}],"about":[{"href":"https:\/\/pop-co.fr\/index.php\/wp-json\/wp\/v2\/types\/product"}],"replies":[{"embeddable":true,"href":"https:\/\/pop-co.fr\/index.php\/wp-json\/wp\/v2\/comments?post=6312"}],"version-history":[{"count":0,"href":"https:\/\/pop-co.fr\/index.php\/wp-json\/wp\/v2\/product\/6312\/revisions"}],"wp:featuredmedia":[{"embeddable":true,"href":"https:\/\/pop-co.fr\/index.php\/wp-json\/wp\/v2\/media\/355913"}],"wp:attachment":[{"href":"https:\/\/pop-co.fr\/index.php\/wp-json\/wp\/v2\/media?parent=6312"}],"wp:term":[{"taxonomy":"product_cat","embeddable":true,"href":"https:\/\/pop-co.fr\/index.php\/wp-json\/wp\/v2\/product_cat?post=6312"},{"taxonomy":"product_tag","embeddable":true,"href":"https:\/\/pop-co.fr\/index.php\/wp-json\/wp\/v2\/product_tag?post=6312"}],"curies":[{"name":"wp","href":"https:\/\/api.w.org\/{rel}","templated":true}]}}