{"id":6422,"date":"2024-02-20T19:35:47","date_gmt":"2024-02-20T18:35:47","guid":{"rendered":"https:\/\/pop-co.fr\/index.php\/product\/trousse-2-compartiments-3d-dragon-ball-son-goku\/"},"modified":"2025-06-28T14:12:35","modified_gmt":"2025-06-28T12:12:35","slug":"trousse-2-compartiments-3d-dragon-ball-son-goku","status":"publish","type":"product","link":"https:\/\/pop-co.fr\/index.php\/product\/trousse-2-compartiments-3d-dragon-ball-son-goku\/","title":{"rendered":"TROUSSE 2 COMPARTIMENTS 3D &#8211; DRAGON BALL &#8211; Son goku"},"content":{"rendered":"<p>\u00c9tui \u00e0 crayons scolaire avec double compartiment avec fermeture \u00e0 glissi\u00e8re et doublure int\u00e9rieure. Conception avec bord gaufr\u00e9e.<\/p>\n<p>\u2022  Pays de fabrication : Chine<br \/>\n\u2022  Dimensions : 8 x 22 x 9,5\u202fcm (3,2\u2033 x 8,7\u2033 x 3,7\u2033)<br \/>\n\u2022  Poids : 120,2\u202fg (4,2\u202foz)<\/p>\n","protected":false},"excerpt":{"rendered":"<p>\u00c9tui \u00e0 crayons scolaire avec double compartiment avec fermeture \u00e0 glissi\u00e8re et doublure int\u00e9rieure. Conception avec bord gaufr\u00e9e. \u2022 Pays de fabrication : Chine \u2022 Dimensions : 8 x 22 x 9,5\u202fcm (3,2\u2033 x 8,7\u2033 x 3,7\u2033) \u2022 Poids : 120,2\u202fg (4,2\u202foz)<\/p>\n","protected":false},"featured_media":150942,"comment_status":"open","ping_status":"closed","template":"","meta":[],"product_cat":[23,17],"product_tag":[],"aioseo_notices":[],"jetpack_sharing_enabled":true,"_links":{"self":[{"href":"https:\/\/pop-co.fr\/index.php\/wp-json\/wp\/v2\/product\/6422"}],"collection":[{"href":"https:\/\/pop-co.fr\/index.php\/wp-json\/wp\/v2\/product"}],"about":[{"href":"https:\/\/pop-co.fr\/index.php\/wp-json\/wp\/v2\/types\/product"}],"replies":[{"embeddable":true,"href":"https:\/\/pop-co.fr\/index.php\/wp-json\/wp\/v2\/comments?post=6422"}],"version-history":[{"count":0,"href":"https:\/\/pop-co.fr\/index.php\/wp-json\/wp\/v2\/product\/6422\/revisions"}],"wp:featuredmedia":[{"embeddable":true,"href":"https:\/\/pop-co.fr\/index.php\/wp-json\/wp\/v2\/media\/150942"}],"wp:attachment":[{"href":"https:\/\/pop-co.fr\/index.php\/wp-json\/wp\/v2\/media?parent=6422"}],"wp:term":[{"taxonomy":"product_cat","embeddable":true,"href":"https:\/\/pop-co.fr\/index.php\/wp-json\/wp\/v2\/product_cat?post=6422"},{"taxonomy":"product_tag","embeddable":true,"href":"https:\/\/pop-co.fr\/index.php\/wp-json\/wp\/v2\/product_tag?post=6422"}],"curies":[{"name":"wp","href":"https:\/\/api.w.org\/{rel}","templated":true}]}}