{"id":65584,"date":"2024-04-03T14:45:51","date_gmt":"2024-04-03T12:45:51","guid":{"rendered":"https:\/\/pop-co.fr\/index.php\/product\/popsockets-glitter-dore\/"},"modified":"2025-07-29T10:12:57","modified_gmt":"2025-07-29T08:12:57","slug":"popsockets-glitter-dore","status":"publish","type":"product","link":"https:\/\/pop-co.fr\/index.php\/product\/popsockets-glitter-dore\/","title":{"rendered":"POPSOCKETS &#8211; Dor\u00e9 paillet\u00e9"},"content":{"rendered":"<p>Seuls ceux qui poss\u00e8dent ce PopGrip, ont le pouvoir le briller de milles feux !<\/p>\n<p>PopGrip de PopSockets, l\u2019accessoire qui devient indispensable pour votre smartphone<br \/>\nLe PopSockets c\u2019est l\u2019occasion de montrer son style sur son mobile et de se rendre la vie bien plus pratique !<br \/>\nQue ce soit sur votre smartphone, votre tablette ou votre liseuse num\u00e9rique\u2026 le PopSockets est un support ou une poign\u00e9e qui va vous faciliter la vie. Sur votre v\u00e9lo d\u2019appartement pendant vos s\u00e9ances d\u2019entra\u00eenement, sur le mur de votre cuisine pour suivre une recette et m\u00eame sur le miroir de la salle de bain pendant votre tuto maquillage. <\/p>\n<p>Dimensions<br \/>\n39,74 mm de diam\u00e8tre x 7 mm de hauteur et 24,25 mm de hauteur (\u00e9tendu)<\/p>\n<p>Poids net<br \/>\n9 Grammes<\/p>\n","protected":false},"excerpt":{"rendered":"<p>Seuls ceux qui poss\u00e8dent ce PopGrip, ont le pouvoir le briller de milles feux ! PopGrip de PopSockets, l\u2019accessoire qui devient indispensable pour votre smartphone Le PopSockets c\u2019est l\u2019occasion de montrer son style sur son mobile et de se rendre la vie bien plus pratique ! Que ce soit sur votre smartphone, votre tablette ou [&hellip;]<\/p>\n","protected":false},"featured_media":355392,"comment_status":"open","ping_status":"closed","template":"","meta":[],"product_cat":[47],"product_tag":[],"aioseo_notices":[],"jetpack_sharing_enabled":true,"_links":{"self":[{"href":"https:\/\/pop-co.fr\/index.php\/wp-json\/wp\/v2\/product\/65584"}],"collection":[{"href":"https:\/\/pop-co.fr\/index.php\/wp-json\/wp\/v2\/product"}],"about":[{"href":"https:\/\/pop-co.fr\/index.php\/wp-json\/wp\/v2\/types\/product"}],"replies":[{"embeddable":true,"href":"https:\/\/pop-co.fr\/index.php\/wp-json\/wp\/v2\/comments?post=65584"}],"version-history":[{"count":0,"href":"https:\/\/pop-co.fr\/index.php\/wp-json\/wp\/v2\/product\/65584\/revisions"}],"wp:featuredmedia":[{"embeddable":true,"href":"https:\/\/pop-co.fr\/index.php\/wp-json\/wp\/v2\/media\/355392"}],"wp:attachment":[{"href":"https:\/\/pop-co.fr\/index.php\/wp-json\/wp\/v2\/media?parent=65584"}],"wp:term":[{"taxonomy":"product_cat","embeddable":true,"href":"https:\/\/pop-co.fr\/index.php\/wp-json\/wp\/v2\/product_cat?post=65584"},{"taxonomy":"product_tag","embeddable":true,"href":"https:\/\/pop-co.fr\/index.php\/wp-json\/wp\/v2\/product_tag?post=65584"}],"curies":[{"name":"wp","href":"https:\/\/api.w.org\/{rel}","templated":true}]}}