{"id":65601,"date":"2024-04-03T14:46:44","date_gmt":"2024-04-03T12:46:44","guid":{"rendered":"https:\/\/pop-co.fr\/index.php\/product\/popsockets-support-multi-surfaces\/"},"modified":"2025-07-29T10:12:47","modified_gmt":"2025-07-29T08:12:47","slug":"popsockets-support-multi-surfaces","status":"publish","type":"product","link":"https:\/\/pop-co.fr\/index.php\/product\/popsockets-support-multi-surfaces\/","title":{"rendered":"POPSOCKETS &#8211; Support multi surfaces"},"content":{"rendered":"<p>Fixe votre t\u00e9l\u00e9phone sur toute surface verticale<\/p>\n<p>Adh\u00e8re sur la Plupart des Surfaces<\/p>\n<p>Visualisation en Mode Paysage ou Portrait<\/p>\n<p>LE SUPPORT DE T\u00c9L\u00c9PHONE ID\u00c9AL<br \/>\nVous pouvez l\u2019utiliser de mille et une fa\u00e7ons : votre imagination est votre seule limite ! Nos clients adorent utiliser leur support sur la route, discuter en vid\u00e9o avec leurs proches ou filmer une vid\u00e9o amusante.<\/p>\n<p>Repens\u00e9 pour s\u2019adapter \u00e0 tous les PopGrips, sauf le support PopGrip pour AirPods.<br \/>\nFixez votre t\u00e9l\u00e9phone \u00e0 n&rsquo;importe quelle surface verticale. Sur votre v\u00e9lo d\u2019appartement pendant vos entra\u00eenements, sur le placard de la cuisine en faisant \u00e0 manger, ou m\u00eame au miroir de la salle de bain pour les tutos maquillage.<br \/>\nVisualisable sous tous les angles en mode portrait et paysage<br \/>\nVeuillez simplement \u00e0 attendre 8 heures avant d&rsquo;utiliser le v\u00f4tre apr\u00e8s l\u2019avoir coll\u00e9 \u00e0 la surface<\/p>\n<p>Fonctionne avec :<br \/>\ntoutes les surfaces verticales planes<br \/>\nCompatible avec tous les PopGrips<\/p>\n<p>Ne fonctionne pas avec :<br \/>\nles surfaces non lisses ou textur\u00e9es<\/p>\n","protected":false},"excerpt":{"rendered":"<p>Fixe votre t\u00e9l\u00e9phone sur toute surface verticale Adh\u00e8re sur la Plupart des Surfaces Visualisation en Mode Paysage ou Portrait LE SUPPORT DE T\u00c9L\u00c9PHONE ID\u00c9AL Vous pouvez l\u2019utiliser de mille et une fa\u00e7ons : votre imagination est votre seule limite ! Nos clients adorent utiliser leur support sur la route, discuter en vid\u00e9o avec leurs proches [&hellip;]<\/p>\n","protected":false},"featured_media":355385,"comment_status":"open","ping_status":"closed","template":"","meta":[],"product_cat":[47],"product_tag":[],"aioseo_notices":[],"jetpack_sharing_enabled":true,"_links":{"self":[{"href":"https:\/\/pop-co.fr\/index.php\/wp-json\/wp\/v2\/product\/65601"}],"collection":[{"href":"https:\/\/pop-co.fr\/index.php\/wp-json\/wp\/v2\/product"}],"about":[{"href":"https:\/\/pop-co.fr\/index.php\/wp-json\/wp\/v2\/types\/product"}],"replies":[{"embeddable":true,"href":"https:\/\/pop-co.fr\/index.php\/wp-json\/wp\/v2\/comments?post=65601"}],"version-history":[{"count":0,"href":"https:\/\/pop-co.fr\/index.php\/wp-json\/wp\/v2\/product\/65601\/revisions"}],"wp:featuredmedia":[{"embeddable":true,"href":"https:\/\/pop-co.fr\/index.php\/wp-json\/wp\/v2\/media\/355385"}],"wp:attachment":[{"href":"https:\/\/pop-co.fr\/index.php\/wp-json\/wp\/v2\/media?parent=65601"}],"wp:term":[{"taxonomy":"product_cat","embeddable":true,"href":"https:\/\/pop-co.fr\/index.php\/wp-json\/wp\/v2\/product_cat?post=65601"},{"taxonomy":"product_tag","embeddable":true,"href":"https:\/\/pop-co.fr\/index.php\/wp-json\/wp\/v2\/product_tag?post=65601"}],"curies":[{"name":"wp","href":"https:\/\/api.w.org\/{rel}","templated":true}]}}